{"id":1719,"date":"2026-02-19T10:58:37","date_gmt":"2026-02-19T10:58:37","guid":{"rendered":"https:\/\/stayinbcn.com\/?page_id=1719"},"modified":"2026-02-28T14:00:14","modified_gmt":"2026-02-28T13:00:14","slug":"%e5%b8%b8%e8%a7%81%e9%97%ae%e9%a2%98","status":"publish","type":"page","link":"https:\/\/stayinbcn.com\/zh\/preguntas-frecuentes\/","title":{"rendered":"\u5e38\u89c1\u95ee\u9898"},"content":{"rendered":"<div data-elementor-type=\"wp-page\" data-elementor-id=\"1719\" class=\"elementor elementor-1719\">\n\t\t\t\t<div class=\"elementor-element elementor-element-31ef89d e-flex e-con-boxed e-con e-parent\" data-id=\"31ef89d\" data-element_type=\"container\" data-e-type=\"container\">\n\t\t\t\t\t<div class=\"e-con-inner\">\n\t\t\t\t<div class=\"elementor-element elementor-element-a1b714e elementor-widget elementor-widget-image\" data-id=\"a1b714e\" data-element_type=\"widget\" data-e-type=\"widget\" data-widget_type=\"image.default\">\n\t\t\t\t<div class=\"elementor-widget-container\">\n\t\t\t\t\t\t\t\t\t\t\t\t\t\t\t<img fetchpriority=\"high\" decoding=\"async\" width=\"300\" height=\"300\" src=\"https:\/\/stayinbcn.com\/wp-content\/uploads\/2026\/02\/FAQStayinbcn-300x300.webp\" class=\"attachment-medium size-medium wp-image-2215\" alt=\"\u5e38\u89c1\u95ee\u9898\" srcset=\"https:\/\/stayinbcn.com\/wp-content\/uploads\/2026\/02\/FAQStayinbcn-300x300.webp 300w, https:\/\/stayinbcn.com\/wp-content\/uploads\/2026\/02\/FAQStayinbcn-150x150.webp 150w, https:\/\/stayinbcn.com\/wp-content\/uploads\/2026\/02\/FAQStayinbcn-768x768.webp 768w, https:\/\/stayinbcn.com\/wp-content\/uploads\/2026\/02\/FAQStayinbcn-12x12.webp 12w, https:\/\/stayinbcn.com\/wp-content\/uploads\/2026\/02\/FAQStayinbcn.webp 1024w\" sizes=\"(max-width: 300px) 100vw, 300px\" \/>\t\t\t\t\t\t\t\t\t\t\t\t\t\t\t<\/div>\n\t\t\t\t<\/div>\n\t\t\t\t\t<\/div>\n\t\t\t\t<\/div>\n\t\t<div class=\"elementor-element elementor-element-b6280c6 e-flex e-con-boxed e-con e-parent\" data-id=\"b6280c6\" data-element_type=\"container\" data-e-type=\"container\">\n\t\t\t\t\t<div class=\"e-con-inner\">\n\t\t\t\t<div class=\"elementor-element elementor-element-d9e9048 elementor-widget elementor-widget-text-editor\" data-id=\"d9e9048\" data-element_type=\"widget\" data-e-type=\"widget\" data-widget_type=\"text-editor.default\">\n\t\t\t\t<div class=\"elementor-widget-container\">\n\t\t\t\t\t\t\t\t\t<h2 data-start=\"978\" data-end=\"1008\">\u6709\u5173\u9884\u8ba2\u7684\u5e38\u89c1\u95ee\u9898\uff1a<\/h2><h3 data-start=\"1010\" data-end=\"1063\">\u5982\u4f55\u9884\u8ba2\u5df4\u585e\u7f57\u90a3\u7684\u516c\u5bd3\uff1f<\/h3><p data-start=\"1064\" data-end=\"1188\">\u60a8\u53ef\u4ee5\u76f4\u63a5\u5728\u6211\u4eec\u7684\u7f51\u7ad9\u4e0a\u9009\u62e9\u53ef\u7528\u65e5\u671f\u5e76\u5b8c\u6210\u5b89\u5168\u652f\u4ed8\u6d41\u7a0b\uff0c\u5373\u53ef\u9884\u8ba2\u3002.<\/p><hr data-start=\"1190\" data-end=\"1193\" \/><h3 data-start=\"1195\" data-end=\"1234\">\u6709\u5fc5\u8981\u63d0\u524d\u4ed8\u6b3e\u5417\uff1f<\/h3><p data-start=\"1235\" data-end=\"1296\">\u662f\u7684\uff0c\u6211\u4eec\u8981\u6c42\u5728\u786e\u8ba4\u9884\u8ba2\u65f6\u652f\u4ed8\u9884\u4ed8\u6b3e\u3002.<\/p><hr data-start=\"1298\" data-end=\"1301\" \/><h3 data-start=\"1303\" data-end=\"1334\">\u6211\u53ef\u4ee5\u53d6\u6d88\u9884\u8ba2\u5417\uff1f<\/h3><p data-start=\"1335\" data-end=\"1492\">\u8bf7\u53c2\u9605\u6211\u4eec\u76f8\u5e94\u90e8\u5206\u7684\u53d6\u6d88\u653f\u7b56\u3002\u90e8\u5206\u623f\u4ef7\u5141\u8bb8\u5728\u5165\u4f4f\u524d\u82e5\u5e72\u5929\u5185\u514d\u8d39\u53d6\u6d88\u3002.<\/p><hr data-start=\"1494\" data-end=\"1497\" \/><h2 data-start=\"1499\" data-end=\"1514\"><img decoding=\"async\" class=\"emoji\" role=\"img\" draggable=\"false\" src=\"https:\/\/s.w.org\/images\/core\/emoji\/17.0.2\/svg\/1f4cd.svg\" alt=\"\ud83d\udccd\" \/> \u5730\u70b9<\/h2><h3 data-start=\"1516\" data-end=\"1559\">\u516c\u5bd3\u4f4d\u4e8e\u4f55\u5904\uff1f<\/h3><p data-start=\"1560\" data-end=\"1694\">\u4f4d\u4e8e\u5df4\u585e\u7f57\u90a3\u5e02\u4e2d\u5fc3\u7684 Eixample \u533a\uff0c\u8ddd\u79bb\u52a0\u6cf0\u7f57\u5c3c\u4e9a\u5e7f\u573a\uff08Placa Catalunya\uff09\u4ec5 5 \u5206\u949f\u8def\u7a0b\u3002.<\/p><h2 data-start=\"1815\" data-end=\"1831\"><img decoding=\"async\" class=\"emoji\" role=\"img\" draggable=\"false\" src=\"https:\/\/s.w.org\/images\/core\/emoji\/17.0.2\/svg\/1f6cf.svg\" alt=\"\ud83d\udecf\ufe0f\" \/> \u670d\u52a1<\/h2><h3 data-start=\"1833\" data-end=\"1869\">\u516c\u5bd3\u662f\u5426\u63d0\u4f9b\u65e0\u7ebf\u7f51\u7edc\uff1f<\/h3><p data-start=\"1870\" data-end=\"1937\">\u662f\u7684\uff0c\u6211\u4eec\u6240\u6709\u7684\u516c\u5bd3\u90fd\u6709\u514d\u8d39 WiFi \u8fde\u63a5\u3002.<\/p><hr data-start=\"1939\" data-end=\"1942\" \/><h3 data-start=\"1944\" data-end=\"1988\">\u662f\u5426\u63d0\u4f9b\u6bdb\u5dfe\u548c\u5e8a\u5355\uff1f<\/h3><p data-start=\"1989\" data-end=\"2048\">\u662f\u7684\uff0c\u6240\u6709\u4f4f\u5bbf\u90fd\u5305\u62ec\u5e8a\u5355\u548c\u6bdb\u5dfe\u3002.<\/p><hr data-start=\"2050\" data-end=\"2053\" \/><h3 data-start=\"2055\" data-end=\"2083\">\u6709\u7a7a\u8c03\u5417\uff1f<\/h3><p data-start=\"2084\" data-end=\"2144\">\u662f\u7684\uff0c\u516c\u5bd3\u914d\u6709\u7a7a\u8c03\u3002.<\/p><hr data-start=\"2146\" data-end=\"2149\" \/><h2 data-start=\"2151\" data-end=\"2174\"><img decoding=\"async\" class=\"emoji\" role=\"img\" draggable=\"false\" src=\"https:\/\/s.w.org\/images\/core\/emoji\/17.0.2\/svg\/1f468-200d-1f469-200d-1f467-200d-1f466.svg\" alt=\"\ud83d\udc68\u200d\ud83d\udc69\u200d\ud83d\udc67\u200d\ud83d\udc66\" \/> \u505c\u7559<\/h2><h3 data-start=\"2176\" data-end=\"2222\">\u5165\u4f4f\u548c\u9000\u623f\u65f6\u95f4\u662f\u4ec0\u4e48\u65f6\u5019\uff1f<\/h3><p data-start=\"2223\" data-end=\"2305\">\u5165\u4f4f\u548c\u9000\u623f\u624b\u7eed\u6309\u9884\u8ba2\u5355\u4e0a\u6ce8\u660e\u7684\u6761\u4ef6\u529e\u7406\u3002.<\/p><p data-start=\"2223\" data-end=\"2305\">\u5165\u4f4f\u65f6\u95f4= 12:00. \u9000\u623f\u65f6\u95f4= 14:00<\/p><hr data-start=\"2307\" data-end=\"2310\" \/><h3 data-start=\"2312\" data-end=\"2337\">\u662f\u5426\u5141\u8bb8\u643a\u5e26\u5ba0\u7269\uff1f<\/h3><p data-start=\"2338\" data-end=\"2405\">\u6ca1\u6709<\/p>\t\t\t\t\t\t\t\t<\/div>\n\t\t\t\t<\/div>\n\t\t\t\t\t<\/div>\n\t\t\t\t<\/div>\n\t\t<div class=\"elementor-element elementor-element-a021a6e e-flex e-con-boxed e-con e-parent\" data-id=\"a021a6e\" data-element_type=\"container\" data-e-type=\"container\">\n\t\t\t\t\t<div class=\"e-con-inner\">\n\t\t\t\t<div class=\"elementor-element elementor-element-3f903a7 elementor-widget elementor-widget-heading\" data-id=\"3f903a7\" data-element_type=\"widget\" data-e-type=\"widget\" data-widget_type=\"heading.default\">\n\t\t\t\t<div class=\"elementor-widget-container\">\n\t\t\t\t\t<h4 class=\"elementor-heading-title elementor-size-default\"><a href=\"https:\/\/stayinbcn.com\/zh\/habitaciones-eixample-rooms-barcelona\/\">\u5ba2\u623f <\/a><\/h4>\t\t\t\t<\/div>\n\t\t\t\t<\/div>\n\t\t\t\t\t<\/div>\n\t\t\t\t<\/div>\n\t\t\t\t<\/div>","protected":false},"excerpt":{"rendered":"<p>Preguntas\u00a0 frecuentes\u00a0 sobre reservas: \u00bfC\u00f3mo puedo reservar un apartamento en Barcelona? Puedes reservar directamente desde nuestra web seleccionando las fechas disponibles y completando el proceso de pago seguro. \u00bfEs necesario pagar por adelantado? S\u00ed, solicitamos un pago anticipado para confirmar la reserva. \u00bfPuedo cancelar mi reserva? Consulta nuestra pol\u00edtica de cancelaci\u00f3n en la secci\u00f3n correspondiente. [&hellip;]<\/p>\n","protected":false},"author":1,"featured_media":0,"parent":0,"menu_order":0,"comment_status":"closed","ping_status":"closed","template":"","meta":{"footnotes":""},"class_list":["post-1719","page","type-page","status-publish","hentry"],"_links":{"self":[{"href":"https:\/\/stayinbcn.com\/zh\/wp-json\/wp\/v2\/pages\/1719","targetHints":{"allow":["GET"]}}],"collection":[{"href":"https:\/\/stayinbcn.com\/zh\/wp-json\/wp\/v2\/pages"}],"about":[{"href":"https:\/\/stayinbcn.com\/zh\/wp-json\/wp\/v2\/types\/page"}],"author":[{"embeddable":true,"href":"https:\/\/stayinbcn.com\/zh\/wp-json\/wp\/v2\/users\/1"}],"replies":[{"embeddable":true,"href":"https:\/\/stayinbcn.com\/zh\/wp-json\/wp\/v2\/comments?post=1719"}],"version-history":[{"count":0,"href":"https:\/\/stayinbcn.com\/zh\/wp-json\/wp\/v2\/pages\/1719\/revisions"}],"wp:attachment":[{"href":"https:\/\/stayinbcn.com\/zh\/wp-json\/wp\/v2\/media?parent=1719"}],"curies":[{"name":"wp","href":"https:\/\/api.w.org\/{rel}","templated":true}]}}