{"id":1707,"date":"2026-02-19T10:11:28","date_gmt":"2026-02-19T10:11:28","guid":{"rendered":"https:\/\/stayinbcn.com\/?page_id=1707"},"modified":"2026-04-26T12:48:49","modified_gmt":"2026-04-26T10:48:49","slug":"%eb%82%98%ec%97%90-%eb%8c%80%ed%95%b4","status":"publish","type":"page","link":"https:\/\/stayinbcn.com\/ko\/sobre-mi\/","title":{"rendered":"\ub0b4 \uc815\ubcf4"},"content":{"rendered":"<div data-elementor-type=\"wp-page\" data-elementor-id=\"1707\" class=\"elementor elementor-1707\">\n\t\t\t\t<div class=\"elementor-element elementor-element-ee733c6 e-flex e-con-boxed e-con e-parent\" data-id=\"ee733c6\" data-element_type=\"container\" data-e-type=\"container\">\n\t\t\t\t\t<div class=\"e-con-inner\">\n\t\t\t\t<div class=\"elementor-element elementor-element-d94415e elementor-widget elementor-widget-text-editor\" data-id=\"d94415e\" data-element_type=\"widget\" data-e-type=\"widget\" data-widget_type=\"text-editor.default\">\n\t\t\t\t<div class=\"elementor-widget-container\">\n\t\t\t\t\t\t\t\t\t<div><div>He trabajado en varios hoteles. Desde hace 5 a\u00f1os alquilo habitaciones en Airbnb; ahora he creado mi p\u00e1gina web para que pueda reservar su habitaci\u00f3n para estancias cortas en Barcelona.<\/div><div>\u00a0<\/div><div>Ofrezco una relaci\u00f3n calidad-precio ventajosa en comparaci\u00f3n con otras ofertas, sin renunciar a la atenci\u00f3n personalizada ni a la limpieza.<\/div><div>Si lo desea, puedo hablarle sobre los lugares de inter\u00e9s de Barcelona, qu\u00e9 merece la pena visitar y c\u00f3mo hacerlo de la mejor manera, adem\u00e1s de recomendarle excelentes restaurantes.<\/div><div>\u00a0<\/div><div>Para reservar, por favor, p\u00f3ngase en contacto conmigo. No todas las solicitudes ser\u00e1n aprobadas, ya que reviso personalmente cada una porque se trata de mi propio apartamento. Esto tambi\u00e9n le ofrece mayor garant\u00eda y tranquilidad. La confianza debe ser mutua.<\/div><div>\u00a0<\/div><div>Para cualquier duda o consulta, estoy a su disposici\u00f3n.<\/div><div>\u00a0<\/div><div>Sea bienvenido\/a.<\/div><\/div><div>\u00a0<\/div><div>Esta web se cre\u00f3 en febrero de 2026.<\/div>\t\t\t\t\t\t\t\t<\/div>\n\t\t\t\t<\/div>\n\t\t\t\t\t<\/div>\n\t\t\t\t<\/div>\n\t\t\t\t<\/div>","protected":false},"excerpt":{"rendered":"<p>He trabajado en varios hoteles. Desde hace 5 a\u00f1os alquilo habitaciones en Airbnb; ahora he creado mi p\u00e1gina web para que pueda reservar su habitaci\u00f3n para estancias cortas en Barcelona.\u00a0Ofrezco una relaci\u00f3n calidad-precio ventajosa en comparaci\u00f3n con otras ofertas, sin renunciar a la atenci\u00f3n personalizada ni a la limpieza.Si lo desea, puedo hablarle sobre los [&hellip;]<\/p>\n","protected":false},"author":1,"featured_media":0,"parent":0,"menu_order":0,"comment_status":"closed","ping_status":"closed","template":"","meta":{"footnotes":""},"class_list":["post-1707","page","type-page","status-publish","hentry"],"_links":{"self":[{"href":"https:\/\/stayinbcn.com\/ko\/wp-json\/wp\/v2\/pages\/1707","targetHints":{"allow":["GET"]}}],"collection":[{"href":"https:\/\/stayinbcn.com\/ko\/wp-json\/wp\/v2\/pages"}],"about":[{"href":"https:\/\/stayinbcn.com\/ko\/wp-json\/wp\/v2\/types\/page"}],"author":[{"embeddable":true,"href":"https:\/\/stayinbcn.com\/ko\/wp-json\/wp\/v2\/users\/1"}],"replies":[{"embeddable":true,"href":"https:\/\/stayinbcn.com\/ko\/wp-json\/wp\/v2\/comments?post=1707"}],"version-history":[{"count":18,"href":"https:\/\/stayinbcn.com\/ko\/wp-json\/wp\/v2\/pages\/1707\/revisions"}],"predecessor-version":[{"id":2510,"href":"https:\/\/stayinbcn.com\/ko\/wp-json\/wp\/v2\/pages\/1707\/revisions\/2510"}],"wp:attachment":[{"href":"https:\/\/stayinbcn.com\/ko\/wp-json\/wp\/v2\/media?parent=1707"}],"curies":[{"name":"wp","href":"https:\/\/api.w.org\/{rel}","templated":true}]}}