{"id":2523,"date":"2026-04-27T10:26:43","date_gmt":"2026-04-27T08:26:43","guid":{"rendered":"https:\/\/stayinbcn.com\/?page_id=2523"},"modified":"2026-04-27T12:08:46","modified_gmt":"2026-04-27T10:08:46","slug":"terminos-y-condiciones","status":"publish","type":"page","link":"https:\/\/stayinbcn.com\/fr\/terminos-y-condiciones\/","title":{"rendered":"Termes et conditions"},"content":{"rendered":"<div data-elementor-type=\"wp-page\" data-elementor-id=\"2523\" class=\"elementor elementor-2523\">\n\t\t\t\t<div class=\"elementor-element elementor-element-599b886 e-flex e-con-boxed e-con e-parent\" data-id=\"599b886\" data-element_type=\"container\" data-e-type=\"container\">\n\t\t\t\t\t<div class=\"e-con-inner\">\n\t\t\t\t<div class=\"elementor-element elementor-element-0bb596b elementor-widget elementor-widget-text-editor\" data-id=\"0bb596b\" data-element_type=\"widget\" data-e-type=\"widget\" data-widget_type=\"text-editor.default\">\n\t\t\t\t<div class=\"elementor-widget-container\">\n\t\t\t\t\t\t\t\t\t<p><strong><u>Condiciones del alquiler<\/u><\/strong><\/p><p><strong>Reglas de ocupaci<\/strong><strong>\u00f3n:<\/strong><\/p><p>\u2014 M\u00e1ximo de 3 personas.<\/p><p>\u2014 La reserva debe ser realizada por una persona mayor de 18 a\u00f1os.<\/p><p>\u2014En\u00a0el momento del check-in, todos los hu\u00e9spedes deben presentar un documento de identidad v\u00e1lido (DNI, pasaporte o tarjeta de residencia).<\/p><p>\u2014No\u00a0se permite la entrada a personas diferentes a las de la reserva; en caso de que suceda, se dar\u00e1 por terminada la reserva sin derecho a reembolso.<\/p><p>\u2014No, no se aceptan grupos de gente joven menores de 24 a\u00f1os.<\/p><p>\u00a0<\/p><p><strong>Llegada y salida<\/strong><\/p><p>\u2014 Llegada a partir de las 14:00.<\/p><p>\u2014 Salida antes de las 11:00.<\/p><p>\u2014Si\u00a0llega al apartamento despu\u00e9s de las 22:00, por favor, av\u00edseme con antelaci\u00f3n. El check-in tard\u00edo es posible, pero requiere coordinaci\u00f3n previa e informaci\u00f3n adicional.<\/p><p>\u00a0<\/p><p><strong>Pol\u00edtica de pagos:\u00a0<\/strong><\/p><p>\u2014 Primer pago: 10\u202f% del total de reserva para confirmarla.<\/p><p>\u2014 Segundo pago: El resto del importe se abonar\u00e1 7 d\u00edas antes de su llegada.<\/p><p>\u00a0\u00a0<\/p><p><strong>Pol<\/strong><strong>\u00edtica de cancelaci\u00f3n:\u00a0<\/strong><\/p><p>\u2014 100\u202f% del pago realizado es reembolsable si se cancela 8\u00a0d\u00edas anteriores a la llegada o antes (los d\u00edas se cuentan seg\u00fan la hora local espa\u00f1ola donde est\u00e1 ubicado el apartamento).<\/p><p>\u2014 0\u202f% reembolsable si es cancelada despu\u00e9s.<\/p><p>\u00a0<\/p><p><strong>Dep\u00f3sito de seguridad:\u00a0<\/strong><\/p><p>\u2014Se requiere un dep\u00f3sito de seguridad de 200 \u20ac, que se devolver\u00e1 al final de la estad\u00eda si no hay da\u00f1os en el apartamento.<\/p><p><strong>\u00a0<\/strong><\/p><p><strong>Reglas de uso: <\/strong><\/p><p>Abro las puertas de mi apartamento para usted. Por favor, tr\u00e1telo como si fuera suyo, mantenga el orden y respete este espacio.<\/p><p>\u2014No est\u00e1 permitido fumar dentro del apartamento y en el balc\u00f3n.<\/p><p>\u2014No se permiten fiestas ni eventos.<\/p><p>\u2014 Horario de silencio: 22:00 \u2013 08:00<\/p><p>\u2014No se admiten mascotas.<\/p><p>\u2014El apartamento debe dejarse en las mismas condiciones en las que se encontr\u00f3.<\/p><p>\u2014 La p\u00e9rdida de las llaves supondr\u00e1 un coste de 150 \u20ac por juego.<\/p><p>\u00a0<\/p><p><strong>Servicio de limpieza incluido:<\/strong><\/p><p><strong>\u2014 <\/strong>Se proporciona servicio diario de retirada de basura y limpieza ligera en cocina y ba\u00f1os.<\/p><p>\u2014 El cambio de toallas y ropa de cama se efect\u00faa una vez por semana.<\/p><p>\u00a0<\/p><p><strong>Seguridad y propiedad: <\/strong><\/p><p>\u2014No adecuado para ni\u00f1os o beb\u00e9s.<\/p><p>\u2014 C\u00e1maras de seguridad en la puerta de entrada.<\/p><p>\u2014 Detector de humo instalado.<\/p>\t\t\t\t\t\t\t\t<\/div>\n\t\t\t\t<\/div>\n\t\t\t\t\t<\/div>\n\t\t\t\t<\/div>\n\t\t\t\t<\/div>","protected":false},"excerpt":{"rendered":"<p>Condiciones del alquiler Reglas de ocupaci\u00f3n: \u2014 M\u00e1ximo de 3 personas. \u2014 La reserva debe ser realizada por una persona mayor de 18 a\u00f1os. \u2014En\u00a0el momento del check-in, todos los hu\u00e9spedes deben presentar un documento de identidad v\u00e1lido (DNI, pasaporte o tarjeta de residencia). \u2014No\u00a0se permite la entrada a personas diferentes a las de la [&hellip;]<\/p>\n","protected":false},"author":1,"featured_media":0,"parent":0,"menu_order":0,"comment_status":"closed","ping_status":"closed","template":"","meta":{"footnotes":""},"class_list":["post-2523","page","type-page","status-publish","hentry"],"_links":{"self":[{"href":"https:\/\/stayinbcn.com\/fr\/wp-json\/wp\/v2\/pages\/2523","targetHints":{"allow":["GET"]}}],"collection":[{"href":"https:\/\/stayinbcn.com\/fr\/wp-json\/wp\/v2\/pages"}],"about":[{"href":"https:\/\/stayinbcn.com\/fr\/wp-json\/wp\/v2\/types\/page"}],"author":[{"embeddable":true,"href":"https:\/\/stayinbcn.com\/fr\/wp-json\/wp\/v2\/users\/1"}],"replies":[{"embeddable":true,"href":"https:\/\/stayinbcn.com\/fr\/wp-json\/wp\/v2\/comments?post=2523"}],"version-history":[{"count":4,"href":"https:\/\/stayinbcn.com\/fr\/wp-json\/wp\/v2\/pages\/2523\/revisions"}],"predecessor-version":[{"id":2527,"href":"https:\/\/stayinbcn.com\/fr\/wp-json\/wp\/v2\/pages\/2523\/revisions\/2527"}],"wp:attachment":[{"href":"https:\/\/stayinbcn.com\/fr\/wp-json\/wp\/v2\/media?parent=2523"}],"curies":[{"name":"wp","href":"https:\/\/api.w.org\/{rel}","templated":true}]}}