{"id":1719,"date":"2026-02-19T10:58:37","date_gmt":"2026-02-19T10:58:37","guid":{"rendered":"https:\/\/stayinbcn.com\/?page_id=1719"},"modified":"2026-02-28T14:00:14","modified_gmt":"2026-02-28T13:00:14","slug":"preguntas-frecuentes","status":"publish","type":"page","link":"https:\/\/stayinbcn.com\/es_es\/preguntas-frecuentes\/","title":{"rendered":"Preguntas frecuentes"},"content":{"rendered":"\t\t<div data-elementor-type=\"wp-page\" data-elementor-id=\"1719\" class=\"elementor elementor-1719\">\n\t\t\t\t<div class=\"elementor-element elementor-element-31ef89d e-flex e-con-boxed e-con e-parent\" data-id=\"31ef89d\" data-element_type=\"container\" data-e-type=\"container\">\n\t\t\t\t\t<div class=\"e-con-inner\">\n\t\t\t\t<div class=\"elementor-element elementor-element-a1b714e elementor-widget elementor-widget-image\" data-id=\"a1b714e\" data-element_type=\"widget\" data-e-type=\"widget\" data-widget_type=\"image.default\">\n\t\t\t\t<div class=\"elementor-widget-container\">\n\t\t\t\t\t\t\t\t\t\t\t\t\t\t\t<img fetchpriority=\"high\" decoding=\"async\" width=\"300\" height=\"300\" src=\"https:\/\/stayinbcn.com\/wp-content\/uploads\/2026\/02\/FAQStayinbcn-300x300.webp\" class=\"attachment-medium size-medium wp-image-2215\" alt=\"Preguntas frecuentes\" srcset=\"https:\/\/stayinbcn.com\/wp-content\/uploads\/2026\/02\/FAQStayinbcn-300x300.webp 300w, https:\/\/stayinbcn.com\/wp-content\/uploads\/2026\/02\/FAQStayinbcn-150x150.webp 150w, https:\/\/stayinbcn.com\/wp-content\/uploads\/2026\/02\/FAQStayinbcn-768x768.webp 768w, https:\/\/stayinbcn.com\/wp-content\/uploads\/2026\/02\/FAQStayinbcn-12x12.webp 12w, https:\/\/stayinbcn.com\/wp-content\/uploads\/2026\/02\/FAQStayinbcn.webp 1024w\" sizes=\"(max-width: 300px) 100vw, 300px\" \/>\t\t\t\t\t\t\t\t\t\t\t\t\t\t\t<\/div>\n\t\t\t\t<\/div>\n\t\t\t\t\t<\/div>\n\t\t\t\t<\/div>\n\t\t<div class=\"elementor-element elementor-element-b6280c6 e-flex e-con-boxed e-con e-parent\" data-id=\"b6280c6\" data-element_type=\"container\" data-e-type=\"container\">\n\t\t\t\t\t<div class=\"e-con-inner\">\n\t\t\t\t<div class=\"elementor-element elementor-element-d9e9048 elementor-widget elementor-widget-text-editor\" data-id=\"d9e9048\" data-element_type=\"widget\" data-e-type=\"widget\" data-widget_type=\"text-editor.default\">\n\t\t\t\t<div class=\"elementor-widget-container\">\n\t\t\t\t\t\t\t\t\t<h2 data-start=\"978\" data-end=\"1008\">Preguntas\u00a0 frecuentes\u00a0 sobre reservas:<\/h2><h3 data-start=\"1010\" data-end=\"1063\">\u00bfC\u00f3mo puedo reservar un apartamento en Barcelona?<\/h3><p data-start=\"1064\" data-end=\"1188\">Puedes reservar directamente desde nuestra web seleccionando las fechas disponibles y completando el proceso de pago seguro.<\/p><hr data-start=\"1190\" data-end=\"1193\" \/><h3 data-start=\"1195\" data-end=\"1234\">\u00bfEs necesario pagar por adelantado?<\/h3><p data-start=\"1235\" data-end=\"1296\">S\u00ed, solicitamos un pago anticipado para confirmar la reserva.<\/p><hr data-start=\"1298\" data-end=\"1301\" \/><h3 data-start=\"1303\" data-end=\"1334\">\u00bfPuedo cancelar mi reserva?<\/h3><p data-start=\"1335\" data-end=\"1492\">Consulta nuestra pol\u00edtica de cancelaci\u00f3n en la secci\u00f3n correspondiente. Algunas tarifas permiten cancelaci\u00f3n gratuita hasta ciertos d\u00edas antes de la llegada.<\/p><hr data-start=\"1494\" data-end=\"1497\" \/><h2 data-start=\"1499\" data-end=\"1514\"><img decoding=\"async\" class=\"emoji\" role=\"img\" draggable=\"false\" src=\"https:\/\/s.w.org\/images\/core\/emoji\/17.0.2\/svg\/1f4cd.svg\" alt=\"\ud83d\udccd\" \/> Ubicaci\u00f3n<\/h2><h3 data-start=\"1516\" data-end=\"1559\">\u00bfD\u00f3nde est\u00e1n ubicados los apartamentos?<\/h3><p data-start=\"1560\" data-end=\"1694\">En el centro de Barcelona zona Eixample 5 minutos de Placa Catalu\u00f1a.<\/p><h2 data-start=\"1815\" data-end=\"1831\"><img decoding=\"async\" class=\"emoji\" role=\"img\" draggable=\"false\" src=\"https:\/\/s.w.org\/images\/core\/emoji\/17.0.2\/svg\/1f6cf.svg\" alt=\"\ud83d\udecf\ufe0f\" \/> Servicios<\/h2><h3 data-start=\"1833\" data-end=\"1869\">\u00bfLos apartamentos incluyen wifi?<\/h3><p data-start=\"1870\" data-end=\"1937\">S\u00ed, todos nuestros apartamentos disponen de conexi\u00f3n WiFi gratuita.<\/p><hr data-start=\"1939\" data-end=\"1942\" \/><h3 data-start=\"1944\" data-end=\"1988\">\u00bfSe proporcionan toallas y ropa de cama?<\/h3><p data-start=\"1989\" data-end=\"2048\">S\u00ed, todos los alojamientos incluyen ropa de cama y toallas.<\/p><hr data-start=\"2050\" data-end=\"2053\" \/><h3 data-start=\"2055\" data-end=\"2083\">\u00bfHay aire acondicionado?<\/h3><p data-start=\"2084\" data-end=\"2144\">S\u00ed, los apartamentos est\u00e1n equipados con aire acondicionado.<\/p><hr data-start=\"2146\" data-end=\"2149\" \/><h2 data-start=\"2151\" data-end=\"2174\"><img decoding=\"async\" class=\"emoji\" role=\"img\" draggable=\"false\" src=\"https:\/\/s.w.org\/images\/core\/emoji\/17.0.2\/svg\/1f468-200d-1f469-200d-1f467-200d-1f466.svg\" alt=\"\ud83d\udc68\u200d\ud83d\udc69\u200d\ud83d\udc67\u200d\ud83d\udc66\" \/> Estancia<\/h2><h3 data-start=\"2176\" data-end=\"2222\">\u00bfA qu\u00e9 hora es el check-in y el check-out?<\/h3><p data-start=\"2223\" data-end=\"2305\">El check-in y check-out se realizan seg\u00fan las condiciones indicadas en la reserva.<\/p><p data-start=\"2223\" data-end=\"2305\">check-in= 12.00.\u00a0 \u00a0 \u00a0 check-out=14:00<\/p><hr data-start=\"2307\" data-end=\"2310\" \/><h3 data-start=\"2312\" data-end=\"2337\">\u00bfSe admiten mascotas?<\/h3><p data-start=\"2338\" data-end=\"2405\">No<\/p>\t\t\t\t\t\t\t\t<\/div>\n\t\t\t\t<\/div>\n\t\t\t\t\t<\/div>\n\t\t\t\t<\/div>\n\t\t<div class=\"elementor-element elementor-element-a021a6e e-flex e-con-boxed e-con e-parent\" data-id=\"a021a6e\" data-element_type=\"container\" data-e-type=\"container\">\n\t\t\t\t\t<div class=\"e-con-inner\">\n\t\t\t\t<div class=\"elementor-element elementor-element-3f903a7 elementor-widget elementor-widget-heading\" data-id=\"3f903a7\" data-element_type=\"widget\" data-e-type=\"widget\" data-widget_type=\"heading.default\">\n\t\t\t\t<div class=\"elementor-widget-container\">\n\t\t\t\t\t<h4 class=\"elementor-heading-title elementor-size-default\"><a href=\"https:\/\/stayinbcn.com\/habitaciones-eixample-rooms-barcelona\/\">Habitaciones <\/a><\/h4>\t\t\t\t<\/div>\n\t\t\t\t<\/div>\n\t\t\t\t\t<\/div>\n\t\t\t\t<\/div>\n\t\t\t\t<\/div>\n\t\t","protected":false},"excerpt":{"rendered":"<p>Preguntas\u00a0 frecuentes\u00a0 sobre reservas: \u00bfC\u00f3mo puedo reservar un apartamento en Barcelona? Puedes reservar directamente desde nuestra web seleccionando las fechas disponibles y completando el proceso de pago seguro. \u00bfEs necesario pagar por adelantado? S\u00ed, solicitamos un pago anticipado para confirmar la reserva. \u00bfPuedo cancelar mi reserva? Consulta nuestra pol\u00edtica de cancelaci\u00f3n en la secci\u00f3n correspondiente. [&hellip;]<\/p>\n","protected":false},"author":1,"featured_media":0,"parent":0,"menu_order":0,"comment_status":"closed","ping_status":"closed","template":"","meta":{"footnotes":""},"class_list":["post-1719","page","type-page","status-publish","hentry"],"_links":{"self":[{"href":"https:\/\/stayinbcn.com\/es_es\/wp-json\/wp\/v2\/pages\/1719","targetHints":{"allow":["GET"]}}],"collection":[{"href":"https:\/\/stayinbcn.com\/es_es\/wp-json\/wp\/v2\/pages"}],"about":[{"href":"https:\/\/stayinbcn.com\/es_es\/wp-json\/wp\/v2\/types\/page"}],"author":[{"embeddable":true,"href":"https:\/\/stayinbcn.com\/es_es\/wp-json\/wp\/v2\/users\/1"}],"replies":[{"embeddable":true,"href":"https:\/\/stayinbcn.com\/es_es\/wp-json\/wp\/v2\/comments?post=1719"}],"version-history":[{"count":0,"href":"https:\/\/stayinbcn.com\/es_es\/wp-json\/wp\/v2\/pages\/1719\/revisions"}],"wp:attachment":[{"href":"https:\/\/stayinbcn.com\/es_es\/wp-json\/wp\/v2\/media?parent=1719"}],"curies":[{"name":"wp","href":"https:\/\/api.w.org\/{rel}","templated":true}]}}