{"id":1715,"date":"2026-02-19T10:51:51","date_gmt":"2026-02-19T10:51:51","guid":{"rendered":"https:\/\/stayinbcn.com\/?page_id=1715"},"modified":"2026-03-09T09:04:11","modified_gmt":"2026-03-09T08:04:11","slug":"how-to-get-to-our-flats-in-barcelona","status":"publish","type":"page","link":"https:\/\/stayinbcn.com\/en\/como-llegar-a-nuestros-apartamentos-en-barcelona\/","title":{"rendered":"How to get there"},"content":{"rendered":"<div data-elementor-type=\"wp-page\" data-elementor-id=\"1715\" class=\"elementor elementor-1715\">\n\t\t\t\t<div class=\"elementor-element elementor-element-384601a e-flex e-con-boxed e-con e-parent\" data-id=\"384601a\" data-element_type=\"container\" data-e-type=\"container\">\n\t\t\t\t\t<div class=\"e-con-inner\">\n\t\t\t\t<div class=\"elementor-element elementor-element-52a5f06 elementor-widget elementor-widget-heading\" data-id=\"52a5f06\" data-element_type=\"widget\" data-e-type=\"widget\" data-widget_type=\"heading.default\">\n\t\t\t\t<div class=\"elementor-widget-container\">\n\t\t\t\t\t<h2 class=\"elementor-heading-title elementor-size-default\">Directions<\/h2>\t\t\t\t<\/div>\n\t\t\t\t<\/div>\n\t\t\t\t<div class=\"elementor-element elementor-element-ff22d6d elementor-widget elementor-widget-text-editor\" data-id=\"ff22d6d\" data-element_type=\"widget\" data-e-type=\"widget\" data-widget_type=\"text-editor.default\">\n\t\t\t\t<div class=\"elementor-widget-container\">\n\t\t\t\t\t\t\t\t\t<p>Aerobus, Taxi, Metro, Uber,\u00a0<\/p>\t\t\t\t\t\t\t\t<\/div>\n\t\t\t\t<\/div>\n\t\t\t\t<div class=\"elementor-element elementor-element-06c955e elementor-widget elementor-widget-text-editor\" data-id=\"06c955e\" data-element_type=\"widget\" data-e-type=\"widget\" data-widget_type=\"text-editor.default\">\n\t\t\t\t<div class=\"elementor-widget-container\">\n\t\t\t\t\t\t\t\t\t<p>Here's how to get to our flats in Barcelona city centre. It's easy and convenient, and below we show you how to get there without complications.<\/p><p>From Sants metro station to Plaza Universidad (red line).<\/p><p>From the airport, take the Aerobus to the Ronda Universidad stop.<\/p>\t\t\t\t\t\t\t\t<\/div>\n\t\t\t\t<\/div>\n\t\t\t\t<div class=\"elementor-element elementor-element-f614989 elementor-widget elementor-widget-text-editor\" data-id=\"f614989\" data-element_type=\"widget\" data-e-type=\"widget\" data-widget_type=\"text-editor.default\">\n\t\t\t\t<div class=\"elementor-widget-container\">\n\t\t\t\t\t\t\t\t\t<p>Finally, if you are wondering how to get there from other parts of the city, we can help you with that too. Aerobus is the best value for money way.<\/p>\t\t\t\t\t\t\t\t<\/div>\n\t\t\t\t<\/div>\n\t\t\t\t\t<\/div>\n\t\t\t\t<\/div>\n\t\t<div class=\"elementor-element elementor-element-9f110cf e-flex e-con-boxed e-con e-parent\" data-id=\"9f110cf\" data-element_type=\"container\" data-e-type=\"container\">\n\t\t\t\t\t<div class=\"e-con-inner\">\n\t\t\t\t<div class=\"elementor-element elementor-element-ee46d2c elementor-widget elementor-widget-image\" data-id=\"ee46d2c\" data-element_type=\"widget\" data-e-type=\"widget\" data-widget_type=\"image.default\">\n\t\t\t\t<div class=\"elementor-widget-container\">\n\t\t\t\t\t\t\t\t\t\t\t\t\t\t\t<img fetchpriority=\"high\" decoding=\"async\" width=\"768\" height=\"484\" src=\"https:\/\/stayinbcn.com\/wp-content\/uploads\/2026\/03\/Como_Llegar-768x484.webp\" class=\"attachment-medium_large size-medium_large wp-image-2364\" alt=\"How to get there\" srcset=\"https:\/\/stayinbcn.com\/wp-content\/uploads\/2026\/03\/Como_Llegar-768x484.webp 768w, https:\/\/stayinbcn.com\/wp-content\/uploads\/2026\/03\/Como_Llegar-300x189.webp 300w, https:\/\/stayinbcn.com\/wp-content\/uploads\/2026\/03\/Como_Llegar-1024x646.webp 1024w, https:\/\/stayinbcn.com\/wp-content\/uploads\/2026\/03\/Como_Llegar-18x12.webp 18w, https:\/\/stayinbcn.com\/wp-content\/uploads\/2026\/03\/Como_Llegar-476x300.webp 476w, https:\/\/stayinbcn.com\/wp-content\/uploads\/2026\/03\/Como_Llegar.webp 1200w\" sizes=\"(max-width: 768px) 100vw, 768px\" \/>\t\t\t\t\t\t\t\t\t\t\t\t\t\t\t<\/div>\n\t\t\t\t<\/div>\n\t\t\t\t\t<\/div>\n\t\t\t\t<\/div>\n\t\t<div class=\"elementor-element elementor-element-88ff4eb e-flex e-con-boxed e-con e-parent\" data-id=\"88ff4eb\" data-element_type=\"container\" data-e-type=\"container\">\n\t\t\t\t\t<div class=\"e-con-inner\">\n\t\t\t\t<div class=\"elementor-element elementor-element-b545462 elementor-align-center elementor-widget elementor-widget-button\" data-id=\"b545462\" data-element_type=\"widget\" data-e-type=\"widget\" data-widget_type=\"button.default\">\n\t\t\t\t<div class=\"elementor-widget-container\">\n\t\t\t\t\t\t\t\t\t<div class=\"elementor-button-wrapper\">\n\t\t\t\t\t<a class=\"elementor-button elementor-button-link elementor-size-sm\" href=\"https:\/\/aerobusbarcelona.es\" target=\"_blank\" rel=\"noopener\">\n\t\t\t\t\t\t<span class=\"elementor-button-content-wrapper\">\n\t\t\t\t\t\t\t\t\t<span class=\"elementor-button-text\">AEROBUS<\/span>\n\t\t\t\t\t<\/span>\n\t\t\t\t\t<\/a>\n\t\t\t\t<\/div>\n\t\t\t\t\t\t\t\t<\/div>\n\t\t\t\t<\/div>\n\t\t\t\t\t<\/div>\n\t\t\t\t<\/div>\n\t\t<div class=\"elementor-element elementor-element-164a807 e-flex e-con-boxed e-con e-parent\" data-id=\"164a807\" data-element_type=\"container\" data-e-type=\"container\">\n\t\t\t\t\t<div class=\"e-con-inner\">\n\t\t\t\t<div class=\"elementor-element elementor-element-09f3f39 elementor-widget elementor-widget-image\" data-id=\"09f3f39\" data-element_type=\"widget\" data-e-type=\"widget\" data-widget_type=\"image.default\">\n\t\t\t\t<div class=\"elementor-widget-container\">\n\t\t\t\t\t\t\t\t\t\t\t\t\t\t\t<img decoding=\"async\" width=\"280\" height=\"210\" src=\"https:\/\/stayinbcn.com\/wp-content\/uploads\/2026\/03\/Metro_Linea-roja.webp\" class=\"attachment-large size-large wp-image-2372\" alt=\"\" srcset=\"https:\/\/stayinbcn.com\/wp-content\/uploads\/2026\/03\/Metro_Linea-roja.webp 280w, https:\/\/stayinbcn.com\/wp-content\/uploads\/2026\/03\/Metro_Linea-roja-16x12.webp 16w\" sizes=\"(max-width: 280px) 100vw, 280px\" \/>\t\t\t\t\t\t\t\t\t\t\t\t\t\t\t<\/div>\n\t\t\t\t<\/div>\n\t\t\t\t\t<\/div>\n\t\t\t\t<\/div>\n\t\t<div class=\"elementor-element elementor-element-dd1fc47 e-flex e-con-boxed e-con e-parent\" data-id=\"dd1fc47\" data-element_type=\"container\" data-e-type=\"container\">\n\t\t\t\t\t<div class=\"e-con-inner\">\n\t\t\t\t<div class=\"elementor-element elementor-element-507ff8c elementor-align-center elementor-widget elementor-widget-button\" data-id=\"507ff8c\" data-element_type=\"widget\" data-e-type=\"widget\" data-widget_type=\"button.default\">\n\t\t\t\t<div class=\"elementor-widget-container\">\n\t\t\t\t\t\t\t\t\t<div class=\"elementor-button-wrapper\">\n\t\t\t\t\t<a class=\"elementor-button elementor-button-link elementor-size-sm\" href=\"https:\/\/www.tmb.cat\/es\/barcelona\/metro\" target=\"_blank\" rel=\"noopener\">\n\t\t\t\t\t\t<span class=\"elementor-button-content-wrapper\">\n\t\t\t\t\t\t\t\t\t<span class=\"elementor-button-text\">METRO<\/span>\n\t\t\t\t\t<\/span>\n\t\t\t\t\t<\/a>\n\t\t\t\t<\/div>\n\t\t\t\t\t\t\t\t<\/div>\n\t\t\t\t<\/div>\n\t\t\t\t\t<\/div>\n\t\t\t\t<\/div>\n\t\t<div class=\"elementor-element elementor-element-1ce04d2 e-flex e-con-boxed e-con e-parent\" data-id=\"1ce04d2\" data-element_type=\"container\" data-e-type=\"container\">\n\t\t\t\t\t<div class=\"e-con-inner\">\n\t\t\t\t<div class=\"elementor-element elementor-element-fa9f78b elementor-widget elementor-widget-heading\" data-id=\"fa9f78b\" data-element_type=\"widget\" data-e-type=\"widget\" data-widget_type=\"heading.default\">\n\t\t\t\t<div class=\"elementor-widget-container\">\n\t\t\t\t\t<h2 class=\"elementor-heading-title elementor-size-default\"><a href=\"https:\/\/www.aena.es\/es\/josep-tarradellas-barcelona-el-prat\/como-llegar\/taxi.html\" target=\"_blank\" rel=\"noopener\">Aena (airport manager) shows you all the options.<\/a><\/h2>\t\t\t\t<\/div>\n\t\t\t\t<\/div>\n\t\t\t\t\t<\/div>\n\t\t\t\t<\/div>\n\t\t<div class=\"elementor-element elementor-element-30d1644 e-flex e-con-boxed e-con e-parent\" data-id=\"30d1644\" data-element_type=\"container\" data-e-type=\"container\">\n\t\t\t\t\t<div class=\"e-con-inner\">\n\t\t\t\t<div class=\"elementor-element elementor-element-2338b09 elementor-align-center elementor-widget elementor-widget-button\" data-id=\"2338b09\" data-element_type=\"widget\" data-e-type=\"widget\" data-widget_type=\"button.default\">\n\t\t\t\t<div class=\"elementor-widget-container\">\n\t\t\t\t\t\t\t\t\t<div class=\"elementor-button-wrapper\">\n\t\t\t\t\t<a class=\"elementor-button elementor-button-link elementor-size-sm\" href=\"https:\/\/stayinbcn.com\/en\/\">\n\t\t\t\t\t\t<span class=\"elementor-button-content-wrapper\">\n\t\t\t\t\t\t\t\t\t<span class=\"elementor-button-text\">GO TO HOME<\/span>\n\t\t\t\t\t<\/span>\n\t\t\t\t\t<\/a>\n\t\t\t\t<\/div>\n\t\t\t\t\t\t\t\t<\/div>\n\t\t\t\t<\/div>\n\t\t\t\t\t<\/div>\n\t\t\t\t<\/div>\n\t\t\t\t<\/div>","protected":false},"excerpt":{"rendered":"<p>Instrucciones sobre c\u00f3mo llegar Aerobus, Taxi, Metro, Uber,\u00a0 Aqu\u00ed te explicamos c\u00f3mo llegar a nuestros apartamentos en Barcelona centro. Es f\u00e1cil y conveniente, y a continuaci\u00f3n te mostramos c\u00f3mo llegar sin complicaciones. Desde la estaci\u00f3n de trenes de Sants metro hasta plaza Universidad (linea roja) Desde el aeropuerto con el aerob\u00fas parada Ronda Universidad. Por [&hellip;]<\/p>\n","protected":false},"author":1,"featured_media":0,"parent":0,"menu_order":0,"comment_status":"closed","ping_status":"closed","template":"","meta":{"footnotes":""},"class_list":["post-1715","page","type-page","status-publish","hentry"],"_links":{"self":[{"href":"https:\/\/stayinbcn.com\/en\/wp-json\/wp\/v2\/pages\/1715","targetHints":{"allow":["GET"]}}],"collection":[{"href":"https:\/\/stayinbcn.com\/en\/wp-json\/wp\/v2\/pages"}],"about":[{"href":"https:\/\/stayinbcn.com\/en\/wp-json\/wp\/v2\/types\/page"}],"author":[{"embeddable":true,"href":"https:\/\/stayinbcn.com\/en\/wp-json\/wp\/v2\/users\/1"}],"replies":[{"embeddable":true,"href":"https:\/\/stayinbcn.com\/en\/wp-json\/wp\/v2\/comments?post=1715"}],"version-history":[{"count":33,"href":"https:\/\/stayinbcn.com\/en\/wp-json\/wp\/v2\/pages\/1715\/revisions"}],"predecessor-version":[{"id":2400,"href":"https:\/\/stayinbcn.com\/en\/wp-json\/wp\/v2\/pages\/1715\/revisions\/2400"}],"wp:attachment":[{"href":"https:\/\/stayinbcn.com\/en\/wp-json\/wp\/v2\/media?parent=1715"}],"curies":[{"name":"wp","href":"https:\/\/api.w.org\/{rel}","templated":true}]}}