{"id":1707,"date":"2026-02-19T10:11:28","date_gmt":"2026-02-19T10:11:28","guid":{"rendered":"https:\/\/stayinbcn.com\/?page_id=1707"},"modified":"2026-03-03T21:35:12","modified_gmt":"2026-03-03T20:35:12","slug":"about-me","status":"publish","type":"page","link":"https:\/\/stayinbcn.com\/en\/sobre-mi\/","title":{"rendered":"About me"},"content":{"rendered":"<div data-elementor-type=\"wp-page\" data-elementor-id=\"1707\" class=\"elementor elementor-1707\">\n\t\t\t\t<div class=\"elementor-element elementor-element-ee733c6 e-flex e-con-boxed e-con e-parent\" data-id=\"ee733c6\" data-element_type=\"container\" data-e-type=\"container\">\n\t\t\t\t\t<div class=\"e-con-inner\">\n\t\t\t\t<div class=\"elementor-element elementor-element-d94415e elementor-widget elementor-widget-text-editor\" data-id=\"d94415e\" data-element_type=\"widget\" data-e-type=\"widget\" data-widget_type=\"text-editor.default\">\n\t\t\t\t<div class=\"elementor-widget-container\">\n\t\t\t\t\t\t\t\t\t<p>I have worked in several hotels. For 5 years I have been renting rooms on airbnb and now I have created my website so you can book your room for a short stay in Barcelona. With a cheaper price but without losing any attention and cleanliness. Be welcome.<\/p><p>This website was created in February 2026.<\/p>\t\t\t\t\t\t\t\t<\/div>\n\t\t\t\t<\/div>\n\t\t\t\t\t<\/div>\n\t\t\t\t<\/div>\n\t\t\t\t<\/div>","protected":false},"excerpt":{"rendered":"<p>He trabajado en varios hoteles. Desde hace 5 a\u00f1os alquilo habitaciones en airbnb ahora he creado mi pagina web para que puedas reservar tu habitaci\u00f3n para una estancia corta en Barcelona. Con un precio mas econ\u00f3mico pero sin perder nada de atenci\u00f3n y limpieza. Se bienvenido. Esta web se creo en febrero 2026.<\/p>","protected":false},"author":1,"featured_media":0,"parent":0,"menu_order":0,"comment_status":"closed","ping_status":"closed","template":"","meta":{"footnotes":""},"class_list":["post-1707","page","type-page","status-publish","hentry"],"_links":{"self":[{"href":"https:\/\/stayinbcn.com\/en\/wp-json\/wp\/v2\/pages\/1707","targetHints":{"allow":["GET"]}}],"collection":[{"href":"https:\/\/stayinbcn.com\/en\/wp-json\/wp\/v2\/pages"}],"about":[{"href":"https:\/\/stayinbcn.com\/en\/wp-json\/wp\/v2\/types\/page"}],"author":[{"embeddable":true,"href":"https:\/\/stayinbcn.com\/en\/wp-json\/wp\/v2\/users\/1"}],"replies":[{"embeddable":true,"href":"https:\/\/stayinbcn.com\/en\/wp-json\/wp\/v2\/comments?post=1707"}],"version-history":[{"count":0,"href":"https:\/\/stayinbcn.com\/en\/wp-json\/wp\/v2\/pages\/1707\/revisions"}],"wp:attachment":[{"href":"https:\/\/stayinbcn.com\/en\/wp-json\/wp\/v2\/media?parent=1707"}],"curies":[{"name":"wp","href":"https:\/\/api.w.org\/{rel}","templated":true}]}}