{"id":1550,"date":"2026-02-17T20:16:34","date_gmt":"2026-02-17T20:16:34","guid":{"rendered":"https:\/\/stayinbcn.com\/amenities\/"},"modified":"2026-03-01T19:45:16","modified_gmt":"2026-03-01T18:45:16","slug":"gallery","status":"publish","type":"page","link":"https:\/\/stayinbcn.com\/en\/galeria\/","title":{"rendered":"Gallery \/ Services"},"content":{"rendered":"<div data-elementor-type=\"wp-page\" data-elementor-id=\"1550\" class=\"elementor elementor-1550\">\n\t\t\t\t<div class=\"elementor-element elementor-element-54fadeb e-flex e-con-boxed e-con e-parent\" data-id=\"54fadeb\" data-element_type=\"container\" data-e-type=\"container\">\n\t\t\t\t\t<div class=\"e-con-inner\">\n\t\t\t\t<div class=\"elementor-element elementor-element-2480bb7 elementor-widget elementor-widget-text-editor\" data-id=\"2480bb7\" data-element_type=\"widget\" data-e-type=\"widget\" data-widget_type=\"text-editor.default\">\n\t\t\t\t<div class=\"elementor-widget-container\">\n\t\t\t\t\t\t\t\t\t<h4>Equipped and modern rooms in Barcelona Eixample: an ideal place for your stay.<\/h4>\t\t\t\t\t\t\t\t<\/div>\n\t\t\t\t<\/div>\n\t\t\t\t\t<\/div>\n\t\t\t\t<\/div>\n\t\t<div class=\"elementor-element elementor-element-05b0b34 e-flex e-con-boxed e-con e-parent\" data-id=\"05b0b34\" data-element_type=\"container\" data-e-type=\"container\" data-settings=\"{&quot;background_background&quot;:&quot;classic&quot;}\">\n\t\t\t\t\t<div class=\"e-con-inner\">\n\t\t<div class=\"elementor-element elementor-element-ee8ebfd e-con-full e-flex e-con e-child\" data-id=\"ee8ebfd\" data-element_type=\"container\" data-e-type=\"container\">\n\t\t\t\t<div class=\"elementor-element elementor-element-7dab554 elementor-widget elementor-widget-hfe-infocard\" data-id=\"7dab554\" data-element_type=\"widget\" data-e-type=\"widget\" data-widget_type=\"hfe-infocard.default\">\n\t\t\t\t<div class=\"elementor-widget-container\">\n\t\t\t\t\t\n\t\t<div class=\"hfe-infocard\">\n\t\t\t\t\t\t\t\t\t<div class=\"hfe-infocard-title-wrap\">\n\t\t\t\t<h1 class=\"hfe-infocard-title elementor-inline-editing\" data-elementor-setting-key=\"infocard_title\" data-elementor-inline-editing-toolbar=\"basic\" >Services and facilities<\/h1>\t\t\t<\/div>\n\t\t\t\t\t\t<div class=\"hfe-infocard-text-wrap\">\n\t\t\t\t<div class=\"hfe-infocard-text elementor-inline-editing\" data-elementor-setting-key=\"infocard_description\" data-elementor-inline-editing-toolbar=\"advanced\">\n\t\t\t\t\t\t\t\t\t<\/div>\n\t\t\t\t\t\t\t<\/div>\n\t\t<\/div>\n\n\t\t\t\t\t\t<\/div>\n\t\t\t\t<\/div>\n\t\t\t\t<\/div>\n\t\t\t\t\t<\/div>\n\t\t\t\t<\/div>\n\t\t<div class=\"elementor-element elementor-element-ed1f7e3 e-flex e-con-boxed e-con e-parent\" data-id=\"ed1f7e3\" data-element_type=\"container\" data-e-type=\"container\" data-settings=\"{&quot;background_background&quot;:&quot;classic&quot;}\">\n\t\t\t\t\t<div class=\"e-con-inner\">\n\t\t<div class=\"elementor-element elementor-element-d173221 e-con-full e-flex e-con e-child\" data-id=\"d173221\" data-element_type=\"container\" data-e-type=\"container\">\n\t\t<div class=\"elementor-element elementor-element-3a3aa11 e-flex e-con-boxed e-con e-child\" data-id=\"3a3aa11\" data-element_type=\"container\" data-e-type=\"container\">\n\t\t\t\t\t<div class=\"e-con-inner\">\n\t\t\t\t<div class=\"elementor-element elementor-element-d38a00f elementor-widget__width-initial elementor-widget elementor-widget-hfe-infocard\" data-id=\"d38a00f\" data-element_type=\"widget\" data-e-type=\"widget\" data-widget_type=\"hfe-infocard.default\">\n\t\t\t\t<div class=\"elementor-widget-container\">\n\t\t\t\t\t\n\t\t<div class=\"hfe-infocard\">\n\t\t\t\t\t\t\t\t\t<div class=\"hfe-infocard-title-wrap\">\n\t\t\t\t<h2 class=\"hfe-infocard-title elementor-inline-editing\" data-elementor-setting-key=\"infocard_title\" data-elementor-inline-editing-toolbar=\"basic\" >Modern, well-equipped rooms<\/h2>\t\t\t<\/div>\n\t\t\t\t\t\t<div class=\"hfe-infocard-text-wrap\">\n\t\t\t\t<div class=\"hfe-infocard-text elementor-inline-editing\" data-elementor-setting-key=\"infocard_description\" data-elementor-inline-editing-toolbar=\"advanced\">\n\t\t\t\t\tKitchen with refrigerator, ceramic hob, microwave oven, coffee machine.\nLiving room with TV.\t\t\t\t<\/div>\n\t\t\t\t\t\t\t<\/div>\n\t\t<\/div>\n\n\t\t\t\t\t\t<\/div>\n\t\t\t\t<\/div>\n\t\t\t\t<div class=\"elementor-element elementor-element-b163099 elementor-align-right elementor-widget__width-initial elementor-mobile-align-left elementor-widget-tablet__width-initial elementor-widget-mobile__width-inherit elementor-widget elementor-widget-button\" data-id=\"b163099\" data-element_type=\"widget\" data-e-type=\"widget\" data-widget_type=\"button.default\">\n\t\t\t\t<div class=\"elementor-widget-container\">\n\t\t\t\t\t\t\t\t\t<div class=\"elementor-button-wrapper\">\n\t\t\t\t\t<a class=\"elementor-button elementor-button-link elementor-size-sm\" href=\"#\">\n\t\t\t\t\t\t<span class=\"elementor-button-content-wrapper\">\n\t\t\t\t\t\t\t\t\t<span class=\"elementor-button-text\">Make a reservation<\/span>\n\t\t\t\t\t<\/span>\n\t\t\t\t\t<\/a>\n\t\t\t\t<\/div>\n\t\t\t\t\t\t\t\t<\/div>\n\t\t\t\t<\/div>\n\t\t\t\t\t<\/div>\n\t\t\t\t<\/div>\n\t\t<div class=\"elementor-element elementor-element-6f4048e e-con-full e-flex e-con e-child\" data-id=\"6f4048e\" data-element_type=\"container\" data-e-type=\"container\">\n\t\t<div class=\"elementor-element elementor-element-25a2b78 e-con-full e-flex e-con e-child\" data-id=\"25a2b78\" data-element_type=\"container\" data-e-type=\"container\">\n\t\t\t\t<div class=\"elementor-element elementor-element-4a1001b elementor-widget elementor-widget-image\" data-id=\"4a1001b\" data-element_type=\"widget\" data-e-type=\"widget\" data-widget_type=\"image.default\">\n\t\t\t\t<div class=\"elementor-widget-container\">\n\t\t\t\t\t\t\t\t\t\t\t\t\t\t\t<img fetchpriority=\"high\" decoding=\"async\" width=\"1920\" height=\"1389\" src=\"https:\/\/stayinbcn.com\/wp-content\/uploads\/2026\/02\/El-salon-y-la-cocina_5-scaled.webp\" class=\"attachment-full size-full wp-image-115\" alt=\"Equipped kitchen of the stayinbcn flat in the Eixample of Barcelona\" srcset=\"https:\/\/stayinbcn.com\/wp-content\/uploads\/2026\/02\/El-salon-y-la-cocina_5-scaled.webp 1920w, https:\/\/stayinbcn.com\/wp-content\/uploads\/2026\/02\/El-salon-y-la-cocina_5-300x217.webp 300w, https:\/\/stayinbcn.com\/wp-content\/uploads\/2026\/02\/El-salon-y-la-cocina_5-1024x741.webp 1024w, https:\/\/stayinbcn.com\/wp-content\/uploads\/2026\/02\/El-salon-y-la-cocina_5-768x555.webp 768w, https:\/\/stayinbcn.com\/wp-content\/uploads\/2026\/02\/El-salon-y-la-cocina_5-1536x1111.webp 1536w\" sizes=\"(max-width: 1920px) 100vw, 1920px\" \/>\t\t\t\t\t\t\t\t\t\t\t\t\t\t\t<\/div>\n\t\t\t\t<\/div>\n\t\t\t\t<div class=\"elementor-element elementor-element-3f74c8a elementor-widget elementor-widget-image-box\" data-id=\"3f74c8a\" data-element_type=\"widget\" data-e-type=\"widget\" data-widget_type=\"image-box.default\">\n\t\t\t\t<div class=\"elementor-widget-container\">\n\t\t\t\t\t<div class=\"elementor-image-box-wrapper\"><div class=\"elementor-image-box-content\"><h3 class=\"elementor-image-box-title\">Kitchen <\/h3><p class=\"elementor-image-box-description\">You have at your disposal all the necessary elements for breakfast, lunch and dinner.\n\n<\/p><\/div><\/div>\t\t\t\t<\/div>\n\t\t\t\t<\/div>\n\t\t\t\t<div class=\"elementor-element elementor-element-06969ce elementor-widget elementor-widget-button\" data-id=\"06969ce\" data-element_type=\"widget\" data-e-type=\"widget\" data-widget_type=\"button.default\">\n\t\t\t\t<div class=\"elementor-widget-container\">\n\t\t\t\t\t\t\t\t\t<div class=\"elementor-button-wrapper\">\n\t\t\t\t\t<a class=\"elementor-button elementor-button-link elementor-size-sm\" href=\"#\">\n\t\t\t\t\t\t<span class=\"elementor-button-content-wrapper\">\n\t\t\t\t\t\t\t\t\t<span class=\"elementor-button-text\">Read more <\/span>\n\t\t\t\t\t<\/span>\n\t\t\t\t\t<\/a>\n\t\t\t\t<\/div>\n\t\t\t\t\t\t\t\t<\/div>\n\t\t\t\t<\/div>\n\t\t\t\t<\/div>\n\t\t\t\t<\/div>\n\t\t<div class=\"elementor-element elementor-element-7f31d08 e-con-full e-flex e-con e-child\" data-id=\"7f31d08\" data-element_type=\"container\" data-e-type=\"container\">\n\t\t<div class=\"elementor-element elementor-element-5e0ad44 e-con-full e-flex e-con e-child\" data-id=\"5e0ad44\" data-element_type=\"container\" data-e-type=\"container\">\n\t\t\t\t<div class=\"elementor-element elementor-element-3638e02 elementor-widget elementor-widget-image\" data-id=\"3638e02\" data-element_type=\"widget\" data-e-type=\"widget\" data-widget_type=\"image.default\">\n\t\t\t\t<div class=\"elementor-widget-container\">\n\t\t\t\t\t\t\t\t\t\t\t\t\t\t\t<img decoding=\"async\" width=\"1707\" height=\"2560\" src=\"https:\/\/stayinbcn.com\/wp-content\/uploads\/2026\/02\/El-bano_1-scaled.jpg\" class=\"attachment-full size-full wp-image-108\" alt=\"Modern bathroom of the stayinbcn flat in the Eixample of Barcelona\" srcset=\"https:\/\/stayinbcn.com\/wp-content\/uploads\/2026\/02\/El-bano_1-scaled.jpg 1707w, https:\/\/stayinbcn.com\/wp-content\/uploads\/2026\/02\/El-bano_1-200x300.jpg 200w, https:\/\/stayinbcn.com\/wp-content\/uploads\/2026\/02\/El-bano_1-683x1024.jpg 683w, https:\/\/stayinbcn.com\/wp-content\/uploads\/2026\/02\/El-bano_1-768x1152.jpg 768w, https:\/\/stayinbcn.com\/wp-content\/uploads\/2026\/02\/El-bano_1-1024x1536.jpg 1024w, https:\/\/stayinbcn.com\/wp-content\/uploads\/2026\/02\/El-bano_1-1365x2048.jpg 1365w\" sizes=\"(max-width: 1707px) 100vw, 1707px\" \/>\t\t\t\t\t\t\t\t\t\t\t\t\t\t\t<\/div>\n\t\t\t\t<\/div>\n\t\t\t\t<div class=\"elementor-element elementor-element-ada0918 elementor-widget elementor-widget-image-box\" data-id=\"ada0918\" data-element_type=\"widget\" data-e-type=\"widget\" data-widget_type=\"image-box.default\">\n\t\t\t\t<div class=\"elementor-widget-container\">\n\t\t\t\t\t<div class=\"elementor-image-box-wrapper\"><div class=\"elementor-image-box-content\"><h3 class=\"elementor-image-box-title\">Private bathroom<\/h3><p class=\"elementor-image-box-description\">Shower tray, toilet bowl, washbasin.\n\n<\/p><\/div><\/div>\t\t\t\t<\/div>\n\t\t\t\t<\/div>\n\t\t\t\t<\/div>\n\t\t<div class=\"elementor-element elementor-element-5b2f93a e-con-full e-flex e-con e-child\" data-id=\"5b2f93a\" data-element_type=\"container\" data-e-type=\"container\">\n\t\t\t\t<div class=\"elementor-element elementor-element-6db67a2 elementor-widget elementor-widget-image\" data-id=\"6db67a2\" data-element_type=\"widget\" data-e-type=\"widget\" data-widget_type=\"image.default\">\n\t\t\t\t<div class=\"elementor-widget-container\">\n\t\t\t\t\t\t\t\t\t\t\t\t\t\t\t<img decoding=\"async\" width=\"1920\" height=\"1080\" src=\"https:\/\/stayinbcn.com\/wp-content\/uploads\/2026\/02\/El-salon-y-la-cocina_2-scaled.webp\" class=\"attachment-full size-full wp-image-113\" alt=\"Fully equipped and modern rooms\" srcset=\"https:\/\/stayinbcn.com\/wp-content\/uploads\/2026\/02\/El-salon-y-la-cocina_2-scaled.webp 1920w, https:\/\/stayinbcn.com\/wp-content\/uploads\/2026\/02\/El-salon-y-la-cocina_2-300x169.webp 300w, https:\/\/stayinbcn.com\/wp-content\/uploads\/2026\/02\/El-salon-y-la-cocina_2-1024x576.webp 1024w, https:\/\/stayinbcn.com\/wp-content\/uploads\/2026\/02\/El-salon-y-la-cocina_2-768x432.webp 768w, https:\/\/stayinbcn.com\/wp-content\/uploads\/2026\/02\/El-salon-y-la-cocina_2-1536x864.webp 1536w\" sizes=\"(max-width: 1920px) 100vw, 1920px\" \/>\t\t\t\t\t\t\t\t\t\t\t\t\t\t\t<\/div>\n\t\t\t\t<\/div>\n\t\t\t\t<div class=\"elementor-element elementor-element-7387d88 elementor-widget elementor-widget-image-box\" data-id=\"7387d88\" data-element_type=\"widget\" data-e-type=\"widget\" data-widget_type=\"image-box.default\">\n\t\t\t\t<div class=\"elementor-widget-container\">\n\t\t\t\t\t<div class=\"elementor-image-box-wrapper\"><div class=\"elementor-image-box-content\"><h3 class=\"elementor-image-box-title\">Salon<\/h3><p class=\"elementor-image-box-description\">You have at your disposal a space where you can relax and work in peace. Free Wifi, armchair and table.\n\n<\/p><\/div><\/div>\t\t\t\t<\/div>\n\t\t\t\t<\/div>\n\t\t\t\t<div class=\"elementor-element elementor-element-b5d7db5 elementor-widget elementor-widget-button\" data-id=\"b5d7db5\" data-element_type=\"widget\" data-e-type=\"widget\" data-widget_type=\"button.default\">\n\t\t\t\t<div class=\"elementor-widget-container\">\n\t\t\t\t\t\t\t\t\t<div class=\"elementor-button-wrapper\">\n\t\t\t\t\t<a class=\"elementor-button elementor-button-link elementor-size-sm\" href=\"#\">\n\t\t\t\t\t\t<span class=\"elementor-button-content-wrapper\">\n\t\t\t\t\t\t\t\t\t<span class=\"elementor-button-text\">Read More<\/span>\n\t\t\t\t\t<\/span>\n\t\t\t\t\t<\/a>\n\t\t\t\t<\/div>\n\t\t\t\t\t\t\t\t<\/div>\n\t\t\t\t<\/div>\n\t\t\t\t<\/div>\n\t\t\t\t<\/div>\n\t\t\t\t<\/div>\n\t\t\t\t\t<\/div>\n\t\t\t\t<\/div>\n\t\t<div class=\"elementor-element elementor-element-922289d e-flex e-con-boxed e-con e-parent\" data-id=\"922289d\" data-element_type=\"container\" data-e-type=\"container\">\n\t\t\t\t\t<div class=\"e-con-inner\">\n\t\t\t\t<div class=\"elementor-element elementor-element-7741006 elementor-widget elementor-widget-heading\" data-id=\"7741006\" data-element_type=\"widget\" data-e-type=\"widget\" data-widget_type=\"heading.default\">\n\t\t\t\t<div class=\"elementor-widget-container\">\n\t\t\t\t\t<h2 class=\"elementor-heading-title elementor-size-default\"><a href=\"https:\/\/stayinbcn.com\/en\/habitaciones-eixample-rooms-barcelona\/\">See rooms<\/a><\/h2>\t\t\t\t<\/div>\n\t\t\t\t<\/div>\n\t\t\t\t\t<\/div>\n\t\t\t\t<\/div>\n\t\t<div class=\"elementor-element elementor-element-aa3f403 e-flex e-con-boxed e-con e-parent\" data-id=\"aa3f403\" data-element_type=\"container\" data-e-type=\"container\">\n\t\t\t\t\t<div class=\"e-con-inner\">\n\t\t<div class=\"elementor-element elementor-element-7d54ed0 e-con-full e-flex e-con e-child\" data-id=\"7d54ed0\" data-element_type=\"container\" data-e-type=\"container\">\n\t\t\t\t<div class=\"elementor-element elementor-element-007922c elementor-widget elementor-widget-image\" data-id=\"007922c\" data-element_type=\"widget\" data-e-type=\"widget\" data-widget_type=\"image.default\">\n\t\t\t\t<div class=\"elementor-widget-container\">\n\t\t\t\t\t\t\t\t\t\t\t\t\t\t\t<img loading=\"lazy\" decoding=\"async\" width=\"780\" height=\"520\" src=\"https:\/\/stayinbcn.com\/wp-content\/uploads\/2026\/02\/El-salon-y-la-cocina-1024x683.jpg\" class=\"attachment-large size-large wp-image-107\" alt=\"Bright living room of the stayinbcn flat with stained glass windows, Eixample Barcelona\" srcset=\"https:\/\/stayinbcn.com\/wp-content\/uploads\/2026\/02\/El-salon-y-la-cocina-1024x683.jpg 1024w, https:\/\/stayinbcn.com\/wp-content\/uploads\/2026\/02\/El-salon-y-la-cocina-300x200.jpg 300w, https:\/\/stayinbcn.com\/wp-content\/uploads\/2026\/02\/El-salon-y-la-cocina-768x512.jpg 768w, https:\/\/stayinbcn.com\/wp-content\/uploads\/2026\/02\/El-salon-y-la-cocina-1536x1024.jpg 1536w, https:\/\/stayinbcn.com\/wp-content\/uploads\/2026\/02\/El-salon-y-la-cocina-2048x1365.jpg 2048w\" sizes=\"(max-width: 780px) 100vw, 780px\" \/>\t\t\t\t\t\t\t\t\t\t\t\t\t\t\t<\/div>\n\t\t\t\t<\/div>\n\t\t\t\t<\/div>\n\t\t<div class=\"elementor-element elementor-element-2fb4b14 e-con-full e-flex e-con e-child\" data-id=\"2fb4b14\" data-element_type=\"container\" data-e-type=\"container\">\n\t\t\t\t<div class=\"elementor-element elementor-element-36dde51 elementor-widget elementor-widget-image\" data-id=\"36dde51\" data-element_type=\"widget\" data-e-type=\"widget\" data-widget_type=\"image.default\">\n\t\t\t\t<div class=\"elementor-widget-container\">\n\t\t\t\t\t\t\t\t\t\t\t\t\t\t\t<img loading=\"lazy\" decoding=\"async\" width=\"780\" height=\"564\" src=\"https:\/\/stayinbcn.com\/wp-content\/uploads\/2026\/02\/El-salon-y-la-cocina_5-1024x741.webp\" class=\"attachment-large size-large wp-image-115\" alt=\"Equipped kitchen of the stayinbcn flat in the Eixample of Barcelona\" srcset=\"https:\/\/stayinbcn.com\/wp-content\/uploads\/2026\/02\/El-salon-y-la-cocina_5-1024x741.webp 1024w, https:\/\/stayinbcn.com\/wp-content\/uploads\/2026\/02\/El-salon-y-la-cocina_5-300x217.webp 300w, https:\/\/stayinbcn.com\/wp-content\/uploads\/2026\/02\/El-salon-y-la-cocina_5-768x555.webp 768w, https:\/\/stayinbcn.com\/wp-content\/uploads\/2026\/02\/El-salon-y-la-cocina_5-1536x1111.webp 1536w, https:\/\/stayinbcn.com\/wp-content\/uploads\/2026\/02\/El-salon-y-la-cocina_5-scaled.webp 1920w\" sizes=\"(max-width: 780px) 100vw, 780px\" \/>\t\t\t\t\t\t\t\t\t\t\t\t\t\t\t<\/div>\n\t\t\t\t<\/div>\n\t\t\t\t<\/div>\n\t\t<div class=\"elementor-element elementor-element-2d65250 e-con-full e-flex e-con e-child\" data-id=\"2d65250\" data-element_type=\"container\" data-e-type=\"container\">\n\t\t\t\t<div class=\"elementor-element elementor-element-b50738a elementor-widget elementor-widget-image\" data-id=\"b50738a\" data-element_type=\"widget\" data-e-type=\"widget\" data-widget_type=\"image.default\">\n\t\t\t\t<div class=\"elementor-widget-container\">\n\t\t\t\t\t\t\t\t\t\t\t\t\t\t\t<img loading=\"lazy\" decoding=\"async\" width=\"780\" height=\"520\" src=\"https:\/\/stayinbcn.com\/wp-content\/uploads\/2026\/02\/El-salon-y-la-cocina_4-1024x683.webp\" class=\"attachment-large size-large wp-image-114\" alt=\"\" srcset=\"https:\/\/stayinbcn.com\/wp-content\/uploads\/2026\/02\/El-salon-y-la-cocina_4-1024x683.webp 1024w, https:\/\/stayinbcn.com\/wp-content\/uploads\/2026\/02\/El-salon-y-la-cocina_4-300x200.webp 300w, https:\/\/stayinbcn.com\/wp-content\/uploads\/2026\/02\/El-salon-y-la-cocina_4-768x512.webp 768w, https:\/\/stayinbcn.com\/wp-content\/uploads\/2026\/02\/El-salon-y-la-cocina_4-1536x1024.webp 1536w, https:\/\/stayinbcn.com\/wp-content\/uploads\/2026\/02\/El-salon-y-la-cocina_4-scaled.webp 1920w\" sizes=\"(max-width: 780px) 100vw, 780px\" \/>\t\t\t\t\t\t\t\t\t\t\t\t\t\t\t<\/div>\n\t\t\t\t<\/div>\n\t\t\t\t<\/div>\n\t\t<div class=\"elementor-element elementor-element-1781c69 e-con-full e-flex e-con e-child\" data-id=\"1781c69\" data-element_type=\"container\" data-e-type=\"container\">\n\t\t\t\t<div class=\"elementor-element elementor-element-048a185 elementor-widget elementor-widget-image\" data-id=\"048a185\" data-element_type=\"widget\" data-e-type=\"widget\" data-widget_type=\"image.default\">\n\t\t\t\t<div class=\"elementor-widget-container\">\n\t\t\t\t\t\t\t\t\t\t\t\t\t\t\t<img loading=\"lazy\" decoding=\"async\" width=\"768\" height=\"1024\" src=\"https:\/\/stayinbcn.com\/wp-content\/uploads\/2026\/02\/El-pasillo-12_2-768x1024.jpg\" class=\"attachment-large size-large wp-image-111\" alt=\"\" srcset=\"https:\/\/stayinbcn.com\/wp-content\/uploads\/2026\/02\/El-pasillo-12_2-768x1024.jpg 768w, https:\/\/stayinbcn.com\/wp-content\/uploads\/2026\/02\/El-pasillo-12_2-225x300.jpg 225w, https:\/\/stayinbcn.com\/wp-content\/uploads\/2026\/02\/El-pasillo-12_2-1152x1536.jpg 1152w, https:\/\/stayinbcn.com\/wp-content\/uploads\/2026\/02\/El-pasillo-12_2.jpg 1200w\" sizes=\"(max-width: 768px) 100vw, 768px\" \/>\t\t\t\t\t\t\t\t\t\t\t\t\t\t\t<\/div>\n\t\t\t\t<\/div>\n\t\t\t\t<\/div>\n\t\t<div class=\"elementor-element elementor-element-1d45fa7 e-con-full e-flex e-con e-child\" data-id=\"1d45fa7\" data-element_type=\"container\" data-e-type=\"container\">\n\t\t\t\t<div class=\"elementor-element elementor-element-0c45500 elementor-widget elementor-widget-image\" data-id=\"0c45500\" data-element_type=\"widget\" data-e-type=\"widget\" data-widget_type=\"image.default\">\n\t\t\t\t<div class=\"elementor-widget-container\">\n\t\t\t\t\t\t\t\t\t\t\t\t\t\t\t<img loading=\"lazy\" decoding=\"async\" width=\"768\" height=\"1024\" src=\"https:\/\/stayinbcn.com\/wp-content\/uploads\/2026\/02\/Limpiabotas.-Paraguas-768x1024.webp\" class=\"attachment-large size-large wp-image-125\" alt=\"\" srcset=\"https:\/\/stayinbcn.com\/wp-content\/uploads\/2026\/02\/Limpiabotas.-Paraguas-768x1024.webp 768w, https:\/\/stayinbcn.com\/wp-content\/uploads\/2026\/02\/Limpiabotas.-Paraguas-225x300.webp 225w, https:\/\/stayinbcn.com\/wp-content\/uploads\/2026\/02\/Limpiabotas.-Paraguas-1152x1536.webp 1152w, https:\/\/stayinbcn.com\/wp-content\/uploads\/2026\/02\/Limpiabotas.-Paraguas-scaled.webp 1440w\" sizes=\"(max-width: 768px) 100vw, 768px\" \/>\t\t\t\t\t\t\t\t\t\t\t\t\t\t\t<\/div>\n\t\t\t\t<\/div>\n\t\t\t\t<\/div>\n\t\t<div class=\"elementor-element elementor-element-cd80db6 e-con-full e-flex e-con e-child\" data-id=\"cd80db6\" data-element_type=\"container\" data-e-type=\"container\">\n\t\t\t\t<div class=\"elementor-element elementor-element-76216d4 elementor-widget elementor-widget-image\" data-id=\"76216d4\" data-element_type=\"widget\" data-e-type=\"widget\" data-widget_type=\"image.default\">\n\t\t\t\t<div class=\"elementor-widget-container\">\n\t\t\t\t\t\t\t\t\t\t\t\t\t\t\t<img loading=\"lazy\" decoding=\"async\" width=\"780\" height=\"520\" src=\"https:\/\/stayinbcn.com\/wp-content\/uploads\/2026\/02\/La-entrada-1024x683.webp\" class=\"attachment-large size-large wp-image-123\" alt=\"\" srcset=\"https:\/\/stayinbcn.com\/wp-content\/uploads\/2026\/02\/La-entrada-1024x683.webp 1024w, https:\/\/stayinbcn.com\/wp-content\/uploads\/2026\/02\/La-entrada-300x200.webp 300w, https:\/\/stayinbcn.com\/wp-content\/uploads\/2026\/02\/La-entrada-768x512.webp 768w, https:\/\/stayinbcn.com\/wp-content\/uploads\/2026\/02\/La-entrada-1536x1024.webp 1536w, https:\/\/stayinbcn.com\/wp-content\/uploads\/2026\/02\/La-entrada-scaled.webp 1920w\" sizes=\"(max-width: 780px) 100vw, 780px\" \/>\t\t\t\t\t\t\t\t\t\t\t\t\t\t\t<\/div>\n\t\t\t\t<\/div>\n\t\t\t\t<\/div>\n\t\t\t\t<div class=\"elementor-element elementor-element-6203615 elementor-widget elementor-widget-image\" data-id=\"6203615\" data-element_type=\"widget\" data-e-type=\"widget\" data-widget_type=\"image.default\">\n\t\t\t\t<div class=\"elementor-widget-container\">\n\t\t\t\t\t\t\t\t\t\t\t\t\t\t\t<img loading=\"lazy\" decoding=\"async\" width=\"780\" height=\"439\" src=\"https:\/\/stayinbcn.com\/wp-content\/uploads\/2026\/02\/El-salon-y-la-cocina_2-1024x576.webp\" class=\"attachment-large size-large wp-image-113\" alt=\"Fully equipped and modern rooms\" srcset=\"https:\/\/stayinbcn.com\/wp-content\/uploads\/2026\/02\/El-salon-y-la-cocina_2-1024x576.webp 1024w, https:\/\/stayinbcn.com\/wp-content\/uploads\/2026\/02\/El-salon-y-la-cocina_2-300x169.webp 300w, https:\/\/stayinbcn.com\/wp-content\/uploads\/2026\/02\/El-salon-y-la-cocina_2-768x432.webp 768w, https:\/\/stayinbcn.com\/wp-content\/uploads\/2026\/02\/El-salon-y-la-cocina_2-1536x864.webp 1536w, https:\/\/stayinbcn.com\/wp-content\/uploads\/2026\/02\/El-salon-y-la-cocina_2-scaled.webp 1920w\" sizes=\"(max-width: 780px) 100vw, 780px\" \/>\t\t\t\t\t\t\t\t\t\t\t\t\t\t\t<\/div>\n\t\t\t\t<\/div>\n\t\t\t\t\t<\/div>\n\t\t\t\t<\/div>\n\t\t<div class=\"elementor-element elementor-element-6b926ad e-flex e-con-boxed e-con e-parent\" data-id=\"6b926ad\" data-element_type=\"container\" data-e-type=\"container\">\n\t\t\t\t\t<div class=\"e-con-inner\">\n\t\t<div class=\"elementor-element elementor-element-4338f9a e-con-full e-flex e-con e-child\" data-id=\"4338f9a\" data-element_type=\"container\" data-e-type=\"container\">\n\t\t\t\t<div class=\"elementor-element elementor-element-4610b01 elementor-widget elementor-widget-image\" data-id=\"4610b01\" data-element_type=\"widget\" data-e-type=\"widget\" data-widget_type=\"image.default\">\n\t\t\t\t<div class=\"elementor-widget-container\">\n\t\t\t\t\t\t\t\t\t\t\t\t\t\t\t<img loading=\"lazy\" decoding=\"async\" width=\"780\" height=\"520\" src=\"https:\/\/stayinbcn.com\/wp-content\/uploads\/2026\/02\/Habitacion-1_1-1024x683.jpg\" class=\"attachment-large size-large wp-image-104\" alt=\"Superior double room of the stayinbcn flat, with natural light, Eixample Barcelona\" srcset=\"https:\/\/stayinbcn.com\/wp-content\/uploads\/2026\/02\/Habitacion-1_1-1024x683.jpg 1024w, https:\/\/stayinbcn.com\/wp-content\/uploads\/2026\/02\/Habitacion-1_1-300x200.jpg 300w, https:\/\/stayinbcn.com\/wp-content\/uploads\/2026\/02\/Habitacion-1_1-768x512.jpg 768w, https:\/\/stayinbcn.com\/wp-content\/uploads\/2026\/02\/Habitacion-1_1-1536x1024.jpg 1536w, https:\/\/stayinbcn.com\/wp-content\/uploads\/2026\/02\/Habitacion-1_1-2048x1365.jpg 2048w\" sizes=\"(max-width: 780px) 100vw, 780px\" \/>\t\t\t\t\t\t\t\t\t\t\t\t\t\t\t<\/div>\n\t\t\t\t<\/div>\n\t\t\t\t<\/div>\n\t\t<div class=\"elementor-element elementor-element-2b12cb2 e-con-full e-flex e-con e-child\" data-id=\"2b12cb2\" data-element_type=\"container\" data-e-type=\"container\">\n\t\t\t\t<div class=\"elementor-element elementor-element-9ac711f elementor-widget elementor-widget-image\" data-id=\"9ac711f\" data-element_type=\"widget\" data-e-type=\"widget\" data-widget_type=\"image.default\">\n\t\t\t\t<div class=\"elementor-widget-container\">\n\t\t\t\t\t\t\t\t\t\t\t\t\t\t\t<img loading=\"lazy\" decoding=\"async\" width=\"780\" height=\"585\" src=\"https:\/\/stayinbcn.com\/wp-content\/uploads\/2026\/02\/Habitacion-1_3-1-1024x768.webp\" class=\"attachment-large size-large wp-image-117\" alt=\"\" srcset=\"https:\/\/stayinbcn.com\/wp-content\/uploads\/2026\/02\/Habitacion-1_3-1-1024x768.webp 1024w, https:\/\/stayinbcn.com\/wp-content\/uploads\/2026\/02\/Habitacion-1_3-1-300x225.webp 300w, https:\/\/stayinbcn.com\/wp-content\/uploads\/2026\/02\/Habitacion-1_3-1-768x576.webp 768w, https:\/\/stayinbcn.com\/wp-content\/uploads\/2026\/02\/Habitacion-1_3-1-1536x1152.webp 1536w, https:\/\/stayinbcn.com\/wp-content\/uploads\/2026\/02\/Habitacion-1_3-1.webp 1600w\" sizes=\"(max-width: 780px) 100vw, 780px\" \/>\t\t\t\t\t\t\t\t\t\t\t\t\t\t\t<\/div>\n\t\t\t\t<\/div>\n\t\t\t\t<\/div>\n\t\t\t\t\t<\/div>\n\t\t\t\t<\/div>\n\t\t<div class=\"elementor-element elementor-element-0a59342 e-flex e-con-boxed e-con e-parent\" data-id=\"0a59342\" data-element_type=\"container\" data-e-type=\"container\">\n\t\t\t\t\t<div class=\"e-con-inner\">\n\t\t\t\t<div class=\"elementor-element elementor-element-382b9c2 elementor-widget elementor-widget-heading\" data-id=\"382b9c2\" data-element_type=\"widget\" data-e-type=\"widget\" data-widget_type=\"heading.default\">\n\t\t\t\t<div class=\"elementor-widget-container\">\n\t\t\t\t\t<h2 class=\"elementor-heading-title elementor-size-default\"><a href=\"https:\/\/sagradafamilia.org\" target=\"_blank\" rel=\"noopener\">Basilica of the Holy Family<\/a><\/h2>\t\t\t\t<\/div>\n\t\t\t\t<\/div>\n\t\t\t\t\t<\/div>\n\t\t\t\t<\/div>\n\t\t\t\t<\/div>","protected":false},"excerpt":{"rendered":"<p>Habitaciones equipadas y modernas en Barcelona Eixample: un lugar ideal para tu estancia. Servicios y facilidades Estancia equipada y moderna Cocina con refrigerador, placa vitrocer\u00e1mica, horno de microondas, cafetera. Sal\u00f3n con TV. Haz una reserva Cocina Tienes a tu disposici\u00f3n todos los elementos necesarios para desayunar, comer y cenar. Leer mas Ba\u00f1o privado Plato de [&hellip;]<\/p>\n","protected":false},"author":1,"featured_media":0,"parent":0,"menu_order":0,"comment_status":"closed","ping_status":"closed","template":"elementor_header_footer","meta":{"footnotes":""},"class_list":["post-1550","page","type-page","status-publish","hentry"],"_links":{"self":[{"href":"https:\/\/stayinbcn.com\/en\/wp-json\/wp\/v2\/pages\/1550","targetHints":{"allow":["GET"]}}],"collection":[{"href":"https:\/\/stayinbcn.com\/en\/wp-json\/wp\/v2\/pages"}],"about":[{"href":"https:\/\/stayinbcn.com\/en\/wp-json\/wp\/v2\/types\/page"}],"author":[{"embeddable":true,"href":"https:\/\/stayinbcn.com\/en\/wp-json\/wp\/v2\/users\/1"}],"replies":[{"embeddable":true,"href":"https:\/\/stayinbcn.com\/en\/wp-json\/wp\/v2\/comments?post=1550"}],"version-history":[{"count":0,"href":"https:\/\/stayinbcn.com\/en\/wp-json\/wp\/v2\/pages\/1550\/revisions"}],"wp:attachment":[{"href":"https:\/\/stayinbcn.com\/en\/wp-json\/wp\/v2\/media?parent=1550"}],"curies":[{"name":"wp","href":"https:\/\/api.w.org\/{rel}","templated":true}]}}