{"id":1547,"date":"2026-02-17T20:16:34","date_gmt":"2026-02-17T20:16:34","guid":{"rendered":"https:\/\/stayinbcn.com\/home\/"},"modified":"2026-03-13T13:35:26","modified_gmt":"2026-03-13T12:35:26","slug":"home","status":"publish","type":"page","link":"https:\/\/stayinbcn.com\/en\/","title":{"rendered":"Home"},"content":{"rendered":"<div data-elementor-type=\"wp-page\" data-elementor-id=\"1547\" class=\"elementor elementor-1547\">\n\t\t\t\t<div class=\"elementor-element elementor-element-b85ac9e e-flex e-con-boxed e-con e-parent\" data-id=\"b85ac9e\" data-element_type=\"container\" data-e-type=\"container\" data-settings=\"{&quot;background_background&quot;:&quot;classic&quot;}\">\n\t\t\t\t\t<div class=\"e-con-inner\">\n\t\t<div class=\"elementor-element elementor-element-479c30d e-con-full e-flex e-con e-child\" data-id=\"479c30d\" data-element_type=\"container\" data-e-type=\"container\">\n\t\t\t\t<div class=\"elementor-element elementor-element-ca753e0 elementor-widget elementor-widget-hfe-infocard\" data-id=\"ca753e0\" data-element_type=\"widget\" data-e-type=\"widget\" data-widget_type=\"hfe-infocard.default\">\n\t\t\t\t<div class=\"elementor-widget-container\">\n\t\t\t\t\t\n\t\t<div class=\"hfe-infocard\">\n\t\t\t\t\t\t\t\t\t<div class=\"hfe-infocard-title-wrap\">\n\t\t\t\t<h1 class=\"hfe-infocard-title elementor-inline-editing\" data-elementor-setting-key=\"infocard_title\" data-elementor-inline-editing-toolbar=\"basic\" >Welcome to Barcelona<\/h1>\t\t\t<\/div>\n\t\t\t\t\t\t<div class=\"hfe-infocard-text-wrap\">\n\t\t\t\t<div class=\"hfe-infocard-text elementor-inline-editing\" data-elementor-setting-key=\"infocard_description\" data-elementor-inline-editing-toolbar=\"advanced\">\n\t\t\t\t\t<p>I will be happy to help you during your stay in Barcelona.<\/p>\t\t\t\t<\/div>\n\t\t\t\t\t\t\t<\/div>\n\t\t<\/div>\n\n\t\t\t\t\t\t<\/div>\n\t\t\t\t<\/div>\n\t\t\t\t<div class=\"elementor-element elementor-element-1e50895 elementor-widget elementor-widget-button\" data-id=\"1e50895\" data-element_type=\"widget\" data-e-type=\"widget\" data-widget_type=\"button.default\">\n\t\t\t\t<div class=\"elementor-widget-container\">\n\t\t\t\t\t\t\t\t\t<div class=\"elementor-button-wrapper\">\n\t\t\t\t\t<a class=\"elementor-button elementor-button-link elementor-size-sm\" href=\"https:\/\/stayinbcn.com\/en\/book\/\">\n\t\t\t\t\t\t<span class=\"elementor-button-content-wrapper\">\n\t\t\t\t\t\t\t\t\t<span class=\"elementor-button-text\">Book now<\/span>\n\t\t\t\t\t<\/span>\n\t\t\t\t\t<\/a>\n\t\t\t\t<\/div>\n\t\t\t\t\t\t\t\t<\/div>\n\t\t\t\t<\/div>\n\t\t\t\t<\/div>\n\t\t\t\t\t<\/div>\n\t\t\t\t<\/div>\n\t\t<div class=\"elementor-element elementor-element-b5c867d e-flex e-con-boxed e-con e-parent\" data-id=\"b5c867d\" data-element_type=\"container\" data-e-type=\"container\" data-settings=\"{&quot;background_background&quot;:&quot;classic&quot;}\">\n\t\t\t\t\t<div class=\"e-con-inner\">\n\t\t<div class=\"elementor-element elementor-element-2c5c7ca e-con-full e-flex e-con e-child\" data-id=\"2c5c7ca\" data-element_type=\"container\" data-e-type=\"container\">\n\t\t\t\t<div class=\"elementor-element elementor-element-ee248ae elementor-widget elementor-widget-image\" data-id=\"ee248ae\" data-element_type=\"widget\" data-e-type=\"widget\" data-widget_type=\"image.default\">\n\t\t\t\t<div class=\"elementor-widget-container\">\n\t\t\t\t\t\t\t\t\t\t\t\t\t\t\t<img fetchpriority=\"high\" decoding=\"async\" width=\"1376\" height=\"600\" src=\"https:\/\/stayinbcn.com\/wp-content\/uploads\/2026\/02\/Sagrada-Familia.webp\" class=\"attachment-full size-full wp-image-1184\" alt=\"Sagrada Familia and Barcelona skyline\" srcset=\"https:\/\/stayinbcn.com\/wp-content\/uploads\/2026\/02\/Sagrada-Familia.webp 1376w, https:\/\/stayinbcn.com\/wp-content\/uploads\/2026\/02\/Sagrada-Familia-300x131.webp 300w, https:\/\/stayinbcn.com\/wp-content\/uploads\/2026\/02\/Sagrada-Familia-1024x447.webp 1024w, https:\/\/stayinbcn.com\/wp-content\/uploads\/2026\/02\/Sagrada-Familia-768x335.webp 768w\" sizes=\"(max-width: 1376px) 100vw, 1376px\" \/>\t\t\t\t\t\t\t\t\t\t\t\t\t\t\t<\/div>\n\t\t\t\t<\/div>\n\t\t\t\t<div class=\"elementor-element elementor-element-64b6114 elementor-widget elementor-widget-text-editor\" data-id=\"64b6114\" data-element_type=\"widget\" data-e-type=\"widget\" data-widget_type=\"text-editor.default\">\n\t\t\t\t<div class=\"elementor-widget-container\">\n\t\t\t\t\t\t\t\t\t<p>Surrounded by scenic beauty and attractive tourist attractions, we make it easy for you to visit all the beautiful places with our in-house guide. In addition, we offer excellent Accommodation in Eixample Barcelona that will make your stay even more memorable.<\/p>\t\t\t\t\t\t\t\t<\/div>\n\t\t\t\t<\/div>\n\t\t\t\t<\/div>\n\t\t<div class=\"elementor-element elementor-element-460fb27 e-con-full e-flex e-con e-child\" data-id=\"460fb27\" data-element_type=\"container\" data-e-type=\"container\">\n\t\t\t\t<div class=\"elementor-element elementor-element-a506a5f elementor-widget elementor-widget-image-box\" data-id=\"a506a5f\" data-element_type=\"widget\" data-e-type=\"widget\" data-widget_type=\"image-box.default\">\n\t\t\t\t<div class=\"elementor-widget-container\">\n\t\t\t\t\t<div class=\"elementor-image-box-wrapper\"><div class=\"elementor-image-box-content\"><h2 class=\"elementor-image-box-title\">Experience Barcelona's city life<\/h2><p class=\"elementor-image-box-description\">We'll help you experience authentic Barcelona life. From mingling with the locals to sampling authentic delicacies, you're sure to return home with wonderful memories and moments.\n\n<\/p><\/div><\/div>\t\t\t\t<\/div>\n\t\t\t\t<\/div>\n\t\t\t\t<div class=\"elementor-element elementor-element-860a9cc elementor-widget elementor-widget-image\" data-id=\"860a9cc\" data-element_type=\"widget\" data-e-type=\"widget\" data-widget_type=\"image.default\">\n\t\t\t\t<div class=\"elementor-widget-container\">\n\t\t\t\t\t\t\t\t\t\t\t\t\t\t\t<img decoding=\"async\" width=\"830\" height=\"552\" src=\"https:\/\/stayinbcn.com\/wp-content\/uploads\/2026\/02\/Park-Guell.webp\" class=\"attachment-full size-full wp-image-1174\" alt=\"Park G\u00fcell in Barcelona\" srcset=\"https:\/\/stayinbcn.com\/wp-content\/uploads\/2026\/02\/Park-Guell.webp 830w, https:\/\/stayinbcn.com\/wp-content\/uploads\/2026\/02\/Park-Guell-300x200.webp 300w, https:\/\/stayinbcn.com\/wp-content\/uploads\/2026\/02\/Park-Guell-768x511.webp 768w\" sizes=\"(max-width: 830px) 100vw, 830px\" \/>\t\t\t\t\t\t\t\t\t\t\t\t\t\t\t<\/div>\n\t\t\t\t<\/div>\n\t\t\t\t<\/div>\n\t\t\t\t\t<\/div>\n\t\t\t\t<\/div>\n\t\t<div class=\"elementor-element elementor-element-fcc912d e-flex e-con-boxed e-con e-parent\" data-id=\"fcc912d\" data-element_type=\"container\" data-e-type=\"container\" data-settings=\"{&quot;background_background&quot;:&quot;gradient&quot;}\">\n\t\t\t\t\t<div class=\"e-con-inner\">\n\t\t<div class=\"elementor-element elementor-element-c9359ef e-con-full e-flex e-con e-child\" data-id=\"c9359ef\" data-element_type=\"container\" data-e-type=\"container\">\n\t\t\t\t<div class=\"elementor-element elementor-element-97541b3 elementor-widget elementor-widget-hfe-infocard\" data-id=\"97541b3\" data-element_type=\"widget\" data-e-type=\"widget\" data-widget_type=\"hfe-infocard.default\">\n\t\t\t\t<div class=\"elementor-widget-container\">\n\t\t\t\t\t\n\t\t<div class=\"hfe-infocard\">\n\t\t\t\t\t\t\t\t\t<div class=\"hfe-infocard-title-wrap\">\n\t\t\t\t<h2 class=\"hfe-infocard-title elementor-inline-editing\" data-elementor-setting-key=\"infocard_title\" data-elementor-inline-editing-toolbar=\"basic\" >La Estancia<\/h2>\t\t\t<\/div>\n\t\t\t\t\t\t<div class=\"hfe-infocard-text-wrap\">\n\t\t\t\t<div class=\"hfe-infocard-text elementor-inline-editing\" data-elementor-setting-key=\"infocard_description\" data-elementor-inline-editing-toolbar=\"advanced\">\n\t\t\t\t\tTake a look at some nice pictures taken in the flat.\nThe flat is located in the Eixample, in the centre of Barcelona, in the green axis.\t\t\t\t<\/div>\n\t\t\t\t\t\t\t<\/div>\n\t\t<\/div>\n\n\t\t\t\t\t\t<\/div>\n\t\t\t\t<\/div>\n\t\t<div class=\"elementor-element elementor-element-bccdc36 e-con-full e-flex e-con e-child\" data-id=\"bccdc36\" data-element_type=\"container\" data-e-type=\"container\">\n\t\t<div class=\"elementor-element elementor-element-4b526c6 e-con-full e-flex e-con e-child\" data-id=\"4b526c6\" data-element_type=\"container\" data-e-type=\"container\">\n\t\t\t\t<div class=\"elementor-element elementor-element-7fd5b8d elementor-widget elementor-widget-image\" data-id=\"7fd5b8d\" data-element_type=\"widget\" data-e-type=\"widget\" data-widget_type=\"image.default\">\n\t\t\t\t<div class=\"elementor-widget-container\">\n\t\t\t\t\t\t\t\t\t\t\t\t\t\t\t<img decoding=\"async\" width=\"1920\" height=\"1080\" src=\"https:\/\/stayinbcn.com\/wp-content\/uploads\/2026\/02\/El-salon-y-la-cocina_2-scaled.webp\" class=\"attachment-full size-full wp-image-113\" alt=\"Fully equipped and modern rooms\" srcset=\"https:\/\/stayinbcn.com\/wp-content\/uploads\/2026\/02\/El-salon-y-la-cocina_2-scaled.webp 1920w, https:\/\/stayinbcn.com\/wp-content\/uploads\/2026\/02\/El-salon-y-la-cocina_2-300x169.webp 300w, https:\/\/stayinbcn.com\/wp-content\/uploads\/2026\/02\/El-salon-y-la-cocina_2-1024x576.webp 1024w, https:\/\/stayinbcn.com\/wp-content\/uploads\/2026\/02\/El-salon-y-la-cocina_2-768x432.webp 768w, https:\/\/stayinbcn.com\/wp-content\/uploads\/2026\/02\/El-salon-y-la-cocina_2-1536x864.webp 1536w\" sizes=\"(max-width: 1920px) 100vw, 1920px\" \/>\t\t\t\t\t\t\t\t\t\t\t\t\t\t\t<\/div>\n\t\t\t\t<\/div>\n\t\t\t\t<\/div>\n\t\t<div class=\"elementor-element elementor-element-1948d27 e-con-full e-flex e-con e-child\" data-id=\"1948d27\" data-element_type=\"container\" data-e-type=\"container\">\n\t\t\t\t<div class=\"elementor-element elementor-element-050adcc elementor-widget elementor-widget-image\" data-id=\"050adcc\" data-element_type=\"widget\" data-e-type=\"widget\" data-widget_type=\"image.default\">\n\t\t\t\t<div class=\"elementor-widget-container\">\n\t\t\t\t\t\t\t\t\t\t\t\t\t\t\t<img loading=\"lazy\" decoding=\"async\" width=\"2560\" height=\"1707\" src=\"https:\/\/stayinbcn.com\/wp-content\/uploads\/2026\/02\/Habitacion-1_1-scaled.jpg\" class=\"attachment-full size-full wp-image-104\" alt=\"Superior double room of the stayinbcn flat, with natural light, Eixample Barcelona\" srcset=\"https:\/\/stayinbcn.com\/wp-content\/uploads\/2026\/02\/Habitacion-1_1-scaled.jpg.webp 2560w, https:\/\/stayinbcn.com\/wp-content\/uploads\/2026\/02\/Habitacion-1_1-300x200.jpg.webp 300w, https:\/\/stayinbcn.com\/wp-content\/uploads\/2026\/02\/Habitacion-1_1-1024x683.jpg.webp 1024w, https:\/\/stayinbcn.com\/wp-content\/uploads\/2026\/02\/Habitacion-1_1-768x512.jpg.webp 768w, https:\/\/stayinbcn.com\/wp-content\/uploads\/2026\/02\/Habitacion-1_1-1536x1024.jpg.webp 1536w, https:\/\/stayinbcn.com\/wp-content\/uploads\/2026\/02\/Habitacion-1_1-2048x1365.jpg.webp 2048w\" sizes=\"(max-width: 2560px) 100vw, 2560px\" \/>\t\t\t\t\t\t\t\t\t\t\t\t\t\t\t<\/div>\n\t\t\t\t<\/div>\n\t\t\t\t<\/div>\n\t\t\t\t<\/div>\n\t\t<div class=\"elementor-element elementor-element-451ce6b e-con-full e-flex e-con e-child\" data-id=\"451ce6b\" data-element_type=\"container\" data-e-type=\"container\">\n\t\t<div class=\"elementor-element elementor-element-63afbe4 e-con-full e-flex e-con e-child\" data-id=\"63afbe4\" data-element_type=\"container\" data-e-type=\"container\">\n\t\t\t\t<div class=\"elementor-element elementor-element-8d52935 elementor-widget elementor-widget-image\" data-id=\"8d52935\" data-element_type=\"widget\" data-e-type=\"widget\" data-widget_type=\"image.default\">\n\t\t\t\t<div class=\"elementor-widget-container\">\n\t\t\t\t\t\t\t\t\t\t\t\t\t\t\t<img loading=\"lazy\" decoding=\"async\" width=\"2560\" height=\"1707\" src=\"https:\/\/stayinbcn.com\/wp-content\/uploads\/2026\/02\/El-salon-y-la-cocina-scaled.jpg\" class=\"attachment-full size-full wp-image-107\" alt=\"Bright living room of the stayinbcn flat with stained glass windows, Eixample Barcelona\" srcset=\"https:\/\/stayinbcn.com\/wp-content\/uploads\/2026\/02\/El-salon-y-la-cocina-scaled.jpg.webp 2560w, https:\/\/stayinbcn.com\/wp-content\/uploads\/2026\/02\/El-salon-y-la-cocina-300x200.jpg.webp 300w, https:\/\/stayinbcn.com\/wp-content\/uploads\/2026\/02\/El-salon-y-la-cocina-1024x683.jpg.webp 1024w, https:\/\/stayinbcn.com\/wp-content\/uploads\/2026\/02\/El-salon-y-la-cocina-768x512.jpg.webp 768w, https:\/\/stayinbcn.com\/wp-content\/uploads\/2026\/02\/El-salon-y-la-cocina-1536x1024.jpg.webp 1536w, https:\/\/stayinbcn.com\/wp-content\/uploads\/2026\/02\/El-salon-y-la-cocina-2048x1365.jpg.webp 2048w\" sizes=\"(max-width: 2560px) 100vw, 2560px\" \/>\t\t\t\t\t\t\t\t\t\t\t\t\t\t\t<\/div>\n\t\t\t\t<\/div>\n\t\t\t\t<\/div>\n\t\t<div class=\"elementor-element elementor-element-31fee7b e-con-full e-flex e-con e-child\" data-id=\"31fee7b\" data-element_type=\"container\" data-e-type=\"container\">\n\t\t\t\t<div class=\"elementor-element elementor-element-6358bfb elementor-widget elementor-widget-image\" data-id=\"6358bfb\" data-element_type=\"widget\" data-e-type=\"widget\" data-widget_type=\"image.default\">\n\t\t\t\t<div class=\"elementor-widget-container\">\n\t\t\t\t\t\t\t\t\t\t\t\t\t\t\t<img loading=\"lazy\" decoding=\"async\" width=\"1440\" height=\"1920\" src=\"https:\/\/stayinbcn.com\/wp-content\/uploads\/2026\/02\/La-puerta-con-las-llaves-scaled.webp\" class=\"attachment-full size-full wp-image-124\" alt=\"Stayinbcn flat entrance door with golden key, Barcelona\" srcset=\"https:\/\/stayinbcn.com\/wp-content\/uploads\/2026\/02\/La-puerta-con-las-llaves-scaled.webp 1440w, https:\/\/stayinbcn.com\/wp-content\/uploads\/2026\/02\/La-puerta-con-las-llaves-225x300.webp 225w, https:\/\/stayinbcn.com\/wp-content\/uploads\/2026\/02\/La-puerta-con-las-llaves-768x1024.webp 768w, https:\/\/stayinbcn.com\/wp-content\/uploads\/2026\/02\/La-puerta-con-las-llaves-1152x1536.webp 1152w\" sizes=\"(max-width: 1440px) 100vw, 1440px\" \/>\t\t\t\t\t\t\t\t\t\t\t\t\t\t\t<\/div>\n\t\t\t\t<\/div>\n\t\t\t\t<div class=\"elementor-element elementor-element-33c75cc elementor-widget elementor-widget-image\" data-id=\"33c75cc\" data-element_type=\"widget\" data-e-type=\"widget\" data-widget_type=\"image.default\">\n\t\t\t\t<div class=\"elementor-widget-container\">\n\t\t\t\t\t\t\t\t\t\t\t\t\t\t\t<img loading=\"lazy\" decoding=\"async\" width=\"1707\" height=\"2560\" src=\"https:\/\/stayinbcn.com\/wp-content\/uploads\/2026\/02\/El-bano_1-scaled.jpg\" class=\"attachment-full size-full wp-image-108\" alt=\"Modern bathroom of the stayinbcn flat in the Eixample of Barcelona\" srcset=\"https:\/\/stayinbcn.com\/wp-content\/uploads\/2026\/02\/El-bano_1-scaled.jpg.webp 1707w, https:\/\/stayinbcn.com\/wp-content\/uploads\/2026\/02\/El-bano_1-200x300.jpg.webp 200w, https:\/\/stayinbcn.com\/wp-content\/uploads\/2026\/02\/El-bano_1-683x1024.jpg.webp 683w, https:\/\/stayinbcn.com\/wp-content\/uploads\/2026\/02\/El-bano_1-768x1152.jpg.webp 768w, https:\/\/stayinbcn.com\/wp-content\/uploads\/2026\/02\/El-bano_1-1024x1536.jpg.webp 1024w, https:\/\/stayinbcn.com\/wp-content\/uploads\/2026\/02\/El-bano_1-1365x2048.jpg.webp 1365w\" sizes=\"(max-width: 1707px) 100vw, 1707px\" \/>\t\t\t\t\t\t\t\t\t\t\t\t\t\t\t<\/div>\n\t\t\t\t<\/div>\n\t\t\t\t<\/div>\n\t\t\t\t<\/div>\n\t\t\t\t<\/div>\n\t\t\t\t\t<\/div>\n\t\t\t\t<\/div>\n\t\t<div class=\"elementor-element elementor-element-c4d374f e-flex e-con-boxed e-con e-parent\" data-id=\"c4d374f\" data-element_type=\"container\" data-e-type=\"container\" data-settings=\"{&quot;background_background&quot;:&quot;classic&quot;}\">\n\t\t\t\t\t<div class=\"e-con-inner\">\n\t\t<div class=\"elementor-element elementor-element-156ae0e e-con-full e-flex e-con e-child\" data-id=\"156ae0e\" data-element_type=\"container\" data-e-type=\"container\">\n\t\t\t\t<div class=\"elementor-element elementor-element-3eca95d elementor-widget elementor-widget-heading\" data-id=\"3eca95d\" data-element_type=\"widget\" data-e-type=\"widget\" data-widget_type=\"heading.default\">\n\t\t\t\t<div class=\"elementor-widget-container\">\n\t\t\t\t\t<h2 class=\"elementor-heading-title elementor-size-default\">\nPlan your accommodation in eixample Barcelona today!<\/h2>\t\t\t\t<\/div>\n\t\t\t\t<\/div>\n\t\t\t\t<div class=\"elementor-element elementor-element-3e74542 elementor-widget elementor-widget-text-editor\" data-id=\"3e74542\" data-element_type=\"widget\" data-e-type=\"widget\" data-widget_type=\"text-editor.default\">\n\t\t\t\t<div class=\"elementor-widget-container\">\n\t\t\t\t\t\t\t\t\t<p>Thank you for your interest in booking my flat.<\/p>\t\t\t\t\t\t\t\t<\/div>\n\t\t\t\t<\/div>\n\t\t\t\t<div class=\"elementor-element elementor-element-b3c7493 elementor-widget elementor-widget-text-editor\" data-id=\"b3c7493\" data-element_type=\"widget\" data-e-type=\"widget\" data-widget_type=\"text-editor.default\">\n\t\t\t\t<div class=\"elementor-widget-container\">\n\t\t\t\t\t\t\t\t\t<p>When you choose our accommodation in Eixample Barcelona, you will enjoy the comfort and proximity to the main points of interest of the city.<\/p>\t\t\t\t\t\t\t\t<\/div>\n\t\t\t\t<\/div>\n\t\t\t\t<div class=\"elementor-element elementor-element-c8bb7f9 elementor-widget elementor-widget-heading\" data-id=\"c8bb7f9\" data-element_type=\"widget\" data-e-type=\"widget\" data-widget_type=\"heading.default\">\n\t\t\t\t<div class=\"elementor-widget-container\">\n\t\t\t\t\t<p class=\"elementor-heading-title elementor-size-default\"><p><p><p>Send me an email<\/p><\/p><\/p><\/p>\t\t\t\t<\/div>\n\t\t\t\t<\/div>\n\t\t\t\t<div class=\"elementor-element elementor-element-c0874e6 elementor-align-center elementor-icon-list--layout-traditional elementor-list-item-link-full_width elementor-widget elementor-widget-icon-list\" data-id=\"c0874e6\" data-element_type=\"widget\" data-e-type=\"widget\" data-widget_type=\"icon-list.default\">\n\t\t\t\t<div class=\"elementor-widget-container\">\n\t\t\t\t\t\t\t<ul class=\"elementor-icon-list-items\">\n\t\t\t\t\t\t\t<li class=\"elementor-icon-list-item\">\n\t\t\t\t\t\t\t\t\t\t\t<a href=\"mailto:stayinbcn@gmail.com\">\n\n\t\t\t\t\t\t\t\t\t\t\t\t<span class=\"elementor-icon-list-icon\">\n\t\t\t\t\t\t\t<i aria-hidden=\"true\" class=\"fas fa-mail-bulk\"><\/i>\t\t\t\t\t\t<\/span>\n\t\t\t\t\t\t\t\t\t\t<span class=\"elementor-icon-list-text\">stayinbcn@gmail.com<\/span>\n\t\t\t\t\t\t\t\t\t\t\t<\/a>\n\t\t\t\t\t\t\t\t\t<\/li>\n\t\t\t\t\t\t<\/ul>\n\t\t\t\t\t\t<\/div>\n\t\t\t\t<\/div>\n\t\t\t\t<\/div>\n\t\t\t\t\t<\/div>\n\t\t\t\t<\/div>\n\t\t\t\t<\/div>","protected":false},"excerpt":{"rendered":"<p>Bienvenido a Barcelona Estar\u00e9 encantado de ayudarte en tu estancia en Barcelona Reservar ahora Rodeados de belleza paisaj\u00edstica y atractivas atracciones tur\u00edsticas, le facilitamos la visita a todos los lugares hermosos con nuestro gu\u00eda interno. Adem\u00e1s, ofrecemos un excelente Alojamiento en Eixample Barcelona que har\u00e1 su estancia a\u00fan m\u00e1s memorable. Experimenta la vida de la [&hellip;]<\/p>\n","protected":false},"author":1,"featured_media":0,"parent":0,"menu_order":0,"comment_status":"closed","ping_status":"closed","template":"elementor_header_footer","meta":{"footnotes":""},"class_list":["post-1547","page","type-page","status-publish","hentry"],"_links":{"self":[{"href":"https:\/\/stayinbcn.com\/en\/wp-json\/wp\/v2\/pages\/1547","targetHints":{"allow":["GET"]}}],"collection":[{"href":"https:\/\/stayinbcn.com\/en\/wp-json\/wp\/v2\/pages"}],"about":[{"href":"https:\/\/stayinbcn.com\/en\/wp-json\/wp\/v2\/types\/page"}],"author":[{"embeddable":true,"href":"https:\/\/stayinbcn.com\/en\/wp-json\/wp\/v2\/users\/1"}],"replies":[{"embeddable":true,"href":"https:\/\/stayinbcn.com\/en\/wp-json\/wp\/v2\/comments?post=1547"}],"version-history":[{"count":31,"href":"https:\/\/stayinbcn.com\/en\/wp-json\/wp\/v2\/pages\/1547\/revisions"}],"predecessor-version":[{"id":2451,"href":"https:\/\/stayinbcn.com\/en\/wp-json\/wp\/v2\/pages\/1547\/revisions\/2451"}],"wp:attachment":[{"href":"https:\/\/stayinbcn.com\/en\/wp-json\/wp\/v2\/media?parent=1547"}],"curies":[{"name":"wp","href":"https:\/\/api.w.org\/{rel}","templated":true}]}}